{"id":129,"date":"2018-07-31T13:45:03","date_gmt":"2018-07-31T13:45:03","guid":{"rendered":"https:\/\/cifra2-cm.com\/?page_id=129"},"modified":"2020-06-10T12:07:53","modified_gmt":"2020-06-10T12:07:53","slug":"equipamiento","status":"publish","type":"page","link":"https:\/\/cifra2-cm.com\/index.php\/equipamiento\/","title":{"rendered":"Equipamiento"},"content":{"rendered":"<p><!-- Builder # --><\/p>\n<h4>Equipamiento<\/h4>\n<div>\n<p>Biobanco de muestras de patolog\u00eda renal CIFRA2 (con certificaci\u00f3n SGC ISO9001), localizado en el Hospital Ram\u00f3n y Cajal (consultar del apartado correspondiente en nuestra web CIFRA2_CM)<\/p>\n<\/div>\n<p><img decoding=\"async\" src=\"wp-content\/uploads\/2020\/05\/biobanco.png\" alt=\"\"><\/p>\n<hr>\n<div>\n<p>Biomek 3000 Liquid Handling Automation Workstation de Beckman Coulter para el pipeteo automatizado de placas de 384 pocillos para Real Time PCR, extracci\u00f3n de ADN para genotipado y preparaci\u00f3n de muestras para secuenciaci\u00f3n Sanger.<\/p>\n<\/div>\n<p><img decoding=\"async\" src=\"wp-content\/uploads\/2020\/05\/Biomek3000.jpg\" alt=\"\"><\/p>\n<div>\n<p>Analizador gen\u00e9tico ABI 3130XL de Life Technologies para secuenciaci\u00f3n Sanger, an\u00e1lisis de fragmentos y autentificaci\u00f3n de l\u00edneas celulares humanas.\u00a0<\/p>\n<\/div>\n<p><img decoding=\"async\" src=\"wp-content\/uploads\/2020\/05\/ABI3031.jpeg\" alt=\"\"><\/p>\n<hr>\n<div>\n<p>7900HT Fast Real Time PCR de Life Technologies para an\u00e1lisis relativo\/absoluto de expresi\u00f3n g\u00e9nica; genotipado de SNPs, High Resolution Melting y aplicaciones que requieren esta tecnolog\u00eda.<\/p>\n<\/div>\n<p><img decoding=\"async\" src=\"wp-content\/uploads\/2020\/05\/790HT.jpeg\" alt=\"\"><\/p>\n<div>\n<p>Qiacube Nucleic Acid Extractor de Qiagen para la obtenci\u00f3n de \u00e1cidos nucleicos (RNA, DNA, miRNA y otros \u00e1cidos nucleicos) de muestras biol\u00f3gicas (c\u00e9lulas, tejidos y muestras parafinadas).<\/p>\n<\/div>\n<p><img decoding=\"async\" src=\"wp-content\/uploads\/2020\/05\/Qiacube-Nuclei.jpg\" alt=\"\"><\/p>\n<hr>\n<div>\n<p>Equipos de PCR convencionales: PCR 2720, PCR 9700 y PCR Verity Thermal Cycler de Applied Biosystems<\/p>\n<\/div>\n<p><img decoding=\"async\" src=\"wp-content\/uploads\/2020\/05\/PCRVerityThermalCycler.jpeg\" alt=\"\"><\/p>\n<div>\n<p>Bioanalizador 2100 para cuantificaci\u00f3n de DNA\/RNA y an\u00e1lisis de calidad de RNA.\u00a0<\/p>\n<\/div>\n<p><img decoding=\"async\" src=\"wp-content\/uploads\/2020\/05\/Bioanalizador2100.jpeg\" alt=\"\"><\/p>\n<hr>\n<div>\n<p>Espectofot\u00f3metros Nanodrop ND-1000 y ND-8000 para cuantificaci\u00f3n de \u00e1cidos nucleicos.<\/p>\n<\/div>\n<p><img decoding=\"async\" src=\"wp-content\/uploads\/2020\/05\/ND-8000.jpeg\" alt=\"\"><\/p>\n<h4>M\u00e1s Equipamiento<\/h4>\n<div>\n<ul>\n<li>SAI CITOMETRO CONFOCAL -UCM\/IISGM<\/li>\n<li><em>CIT\u00d3METRO DE FLUJO 10 COLORES modelo Gallios (Beckman Coulter)<\/em><\/li>\n<li>CIT\u00d3METRO DE FLUJO SEPARADOR modelo MoFlo Astrios, (Beckman- Coulter)<\/li>\n<li><em>MICROSCOPIO DE FLUORESCENCIA modelo Eclipse 50i con sistema \u00f3ptico de Nikon CFI60.<\/em><\/li>\n<li>MICROSCOPIO INVERTIDO DE FLUORESCENCIA CONFOCAL modelo LEICA-SP2<\/li>\n<li><em>MICROSCOPIO INVERTIDO MOTORIZADO DM IRE2 Fluo TCS<\/em><\/li>\n<li>MICROSCOPIO INVERTIDO DE FLUORESCENCIA CONFOCAL ESPECTRAL modelo LEICA-SPE<\/li>\n<li><em>MICROSCOPIO INVERTIDO MOTORIZADO DMi8<\/em><\/li>\n<li>UCM<\/li>\n<li><em>MICROTOMO HM325<\/em><\/li>\n<li>PROCESADOR DE TEJIDOS STP 120<\/li>\n<li><em>Centro de Inclusi\u00f3n EC 350<\/em><\/li>\n<li>BIOPLEX<\/li>\n<\/ul>\n<\/div>\n<p><!-- {\"type\":\"layout\",\"children\":[{\"name\":\"Ofertados\",\"type\":\"section\",\"props\":{\"style\":\"default\",\"width\":\"default\",\"vertical_align\":\"middle\",\"title_position\":\"top-left\",\"title_rotation\":\"left\",\"title_breakpoint\":\"xl\",\"image_position\":\"center-center\",\"image_effect\":\"\"},\"children\":[{\"name\":\"\",\"type\":\"row\",\"props\":{\"fixed_width\":\"large\",\"breakpoint\":\"m\",\"layout\":\"1-1\"},\"children\":[{\"name\":\"\",\"type\":\"column\",\"props\":{\"widths\":[\"1-1\"],\"image_position\":\"center-center\",\"media_overlay_gradient\":\"\"},\"children\":[{\"name\":\"\",\"type\":\"headline\",\"props\":{\"title_element\":\"h4\",\"content\":\"Equipamiento\",\"title_decoration\":\"bullet\",\"title_color\":\"danger\",\"title_style\":\"\",\"position\":\"\",\"position_z_index\":\"\",\"margin\":\"\",\"maxwidth\":\"\",\"maxwidth_breakpoint\":\"\",\"block_align\":\"\",\"block_align_breakpoint\":\"\",\"block_align_fallback\":\"\",\"text_align\":\"\",\"text_align_breakpoint\":\"\",\"text_align_fallback\":\"\",\"animation\":\"\",\"visibility\":\"\"}}]}]},{\"name\":\"\",\"type\":\"row\",\"props\":{\"fixed_width\":\"large\",\"breakpoint\":\"m\",\"layout\":\",\"},\"children\":[{\"name\":\"\",\"type\":\"column\",\"props\":{\"widths\":[\"\"],\"image_position\":\"center-center\",\"style\":\"primary\",\"media_overlay_gradient\":\"\"},\"children\":[{\"name\":\"\",\"type\":\"text\",\"props\":{\"margin\":\"default\",\"column_breakpoint\":\"m\",\"content\":\"\n\n<p>Biobanco de muestras de patolog\\u00eda renal CIFRA2 (con certificaci\\u00f3n SGC ISO9001), localizado en el Hospital Ram\\u00f3n y Cajal (consultar del apartado correspondiente en nuestra web CIFRA2_CM)<\\\/p>\",\"text_style\":\"\",\"text_color\":\"\",\"text_size\":\"\",\"column\":\"\",\"position\":\"\",\"position_z_index\":\"\",\"maxwidth\":\"\",\"maxwidth_breakpoint\":\"\",\"block_align\":\"\",\"block_align_breakpoint\":\"\",\"block_align_fallback\":\"\",\"text_align\":\"\",\"text_align_breakpoint\":\"\",\"text_align_fallback\":\"\",\"animation\":\"\",\"visibility\":\"\"}},{\"type\":\"image\",\"props\":{\"margin\":\"default\",\"image_svg_color\":\"emphasis\",\"link_target\":\"\",\"image_border\":\"rounded\",\"image_box_shadow\":\"\",\"image_hover_box_shadow\":\"\",\"image_box_decoration\":\"\",\"position\":\"\",\"position_z_index\":\"\",\"maxwidth\":\"\",\"maxwidth_breakpoint\":\"\",\"block_align\":\"\",\"block_align_breakpoint\":\"\",\"block_align_fallback\":\"\",\"text_align\":\"center\",\"text_align_breakpoint\":\"\",\"text_align_fallback\":\"\",\"animation\":\"\",\"visibility\":\"\",\"image\":\"wp-content\\\/uploads\\\/2020\\\/05\\\/biobanco.png\"}},{\"type\":\"divider\",\"props\":{\"divider_element\":\"hr\",\"divider_style\":\"\",\"divider_align\":\"\",\"divider_align_breakpoint\":\"\",\"divider_align_fallback\":\"\",\"position\":\"\",\"position_z_index\":\"\",\"margin\":\"\",\"maxwidth\":\"\",\"maxwidth_breakpoint\":\"\",\"block_align\":\"\",\"block_align_breakpoint\":\"\",\"block_align_fallback\":\"\",\"animation\":\"\",\"visibility\":\"\"}},{\"name\":\"\",\"type\":\"text\",\"props\":{\"margin\":\"default\",\"column_breakpoint\":\"m\",\"content\":\"\n\n<p>Biomek 3000 Liquid Handling Automation Workstation de Beckman Coulter para el pipeteo automatizado de placas de 384 pocillos para Real Time PCR, extracci\\u00f3n de ADN para genotipado y preparaci\\u00f3n de muestras para secuenciaci\\u00f3n Sanger.<\\\/p>\",\"dropcap\":false,\"text_color\":\"\",\"text_style\":\"\",\"text_size\":\"\",\"column\":\"\",\"position\":\"\",\"position_z_index\":\"\",\"maxwidth\":\"\",\"maxwidth_breakpoint\":\"\",\"block_align\":\"\",\"block_align_breakpoint\":\"\",\"block_align_fallback\":\"\",\"text_align\":\"\",\"text_align_breakpoint\":\"\",\"text_align_fallback\":\"\",\"animation\":\"\",\"visibility\":\"\"}},{\"type\":\"image\",\"props\":{\"margin\":\"default\",\"image_svg_color\":\"emphasis\",\"link_target\":\"\",\"image_border\":\"rounded\",\"image_box_shadow\":\"\",\"image_hover_box_shadow\":\"\",\"image_box_decoration\":\"\",\"position\":\"\",\"position_z_index\":\"\",\"maxwidth\":\"\",\"maxwidth_breakpoint\":\"\",\"block_align\":\"\",\"block_align_breakpoint\":\"\",\"block_align_fallback\":\"\",\"text_align\":\"center\",\"text_align_breakpoint\":\"\",\"text_align_fallback\":\"\",\"animation\":\"\",\"visibility\":\"\",\"image\":\"wp-content\\\/uploads\\\/2020\\\/05\\\/Biomek3000.jpg\",\"image_width\":\"250\"}}]},{\"name\":\"\",\"type\":\"column\",\"props\":{\"widths\":[\"\"],\"image_position\":\"center-center\",\"style\":\"muted\",\"media_overlay_gradient\":\"\"},\"children\":[{\"name\":\"\",\"type\":\"text\",\"props\":{\"margin\":\"default\",\"column_breakpoint\":\"m\",\"content\":\"\n\n<p>Analizador gen\\u00e9tico ABI 3130XL de Life Technologies para secuenciaci\\u00f3n Sanger, an\\u00e1lisis de fragmentos y autentificaci\\u00f3n de l\\u00edneas celulares humanas.\\u00a0<\\\/p>\",\"dropcap\":false,\"text_color\":\"\",\"text_style\":\"\",\"text_size\":\"\",\"column\":\"\",\"position\":\"\",\"position_z_index\":\"\",\"maxwidth\":\"\",\"maxwidth_breakpoint\":\"\",\"block_align\":\"\",\"block_align_breakpoint\":\"\",\"block_align_fallback\":\"\",\"text_align\":\"\",\"text_align_breakpoint\":\"\",\"text_align_fallback\":\"\",\"animation\":\"\",\"visibility\":\"\"}},{\"type\":\"image\",\"props\":{\"margin\":\"default\",\"image_svg_color\":\"emphasis\",\"link_target\":\"\",\"image_border\":\"rounded\",\"image_box_shadow\":\"\",\"image_hover_box_shadow\":\"\",\"image_box_decoration\":\"\",\"position\":\"\",\"position_z_index\":\"\",\"maxwidth\":\"\",\"maxwidth_breakpoint\":\"\",\"block_align\":\"\",\"block_align_breakpoint\":\"\",\"block_align_fallback\":\"\",\"text_align\":\"center\",\"text_align_breakpoint\":\"\",\"text_align_fallback\":\"\",\"animation\":\"\",\"visibility\":\"\",\"image\":\"wp-content\\\/uploads\\\/2020\\\/05\\\/ABI3031.jpeg\"}},{\"type\":\"divider\",\"props\":{\"divider_element\":\"hr\",\"divider_style\":\"\",\"divider_align\":\"\",\"divider_align_breakpoint\":\"\",\"divider_align_fallback\":\"\",\"position\":\"\",\"position_z_index\":\"\",\"margin\":\"\",\"maxwidth\":\"\",\"maxwidth_breakpoint\":\"\",\"block_align\":\"\",\"block_align_breakpoint\":\"\",\"block_align_fallback\":\"\",\"animation\":\"\",\"visibility\":\"\"}},{\"name\":\"\",\"type\":\"text\",\"props\":{\"margin\":\"default\",\"column_breakpoint\":\"m\",\"content\":\"\n\n<p>7900HT Fast Real Time PCR de Life Technologies para an\\u00e1lisis relativo\\\/absoluto de expresi\\u00f3n g\\u00e9nica; genotipado de SNPs, High Resolution Melting y aplicaciones que requieren esta tecnolog\\u00eda.<\\\/p>\",\"dropcap\":false,\"text_color\":\"\",\"text_style\":\"\",\"text_size\":\"\",\"column\":\"\",\"position\":\"\",\"position_z_index\":\"\",\"maxwidth\":\"\",\"maxwidth_breakpoint\":\"\",\"block_align\":\"\",\"block_align_breakpoint\":\"\",\"block_align_fallback\":\"\",\"text_align\":\"\",\"text_align_breakpoint\":\"\",\"text_align_fallback\":\"\",\"animation\":\"\",\"visibility\":\"\"}},{\"type\":\"image\",\"props\":{\"margin\":\"default\",\"image_svg_color\":\"emphasis\",\"link_target\":\"\",\"image_border\":\"rounded\",\"image_box_shadow\":\"\",\"image_hover_box_shadow\":\"\",\"image_box_decoration\":\"\",\"position\":\"\",\"position_z_index\":\"\",\"maxwidth\":\"\",\"maxwidth_breakpoint\":\"\",\"block_align\":\"\",\"block_align_breakpoint\":\"\",\"block_align_fallback\":\"\",\"text_align\":\"center\",\"text_align_breakpoint\":\"\",\"text_align_fallback\":\"\",\"animation\":\"\",\"visibility\":\"\",\"image\":\"wp-content\\\/uploads\\\/2020\\\/05\\\/790HT.jpeg\"}}]}]},{\"name\":\"\",\"type\":\"row\",\"props\":{\"fixed_width\":\"large\",\"breakpoint\":\"m\",\"layout\":\",\"},\"children\":[{\"name\":\"\",\"type\":\"column\",\"props\":{\"widths\":[\"\"],\"image_position\":\"center-center\",\"style\":\"muted\",\"media_overlay_gradient\":\"\"},\"children\":[{\"name\":\"\",\"type\":\"text\",\"props\":{\"margin\":\"default\",\"column_breakpoint\":\"m\",\"content\":\"\n\n<p>Qiacube Nucleic Acid Extractor de Qiagen para la obtenci\\u00f3n de \\u00e1cidos nucleicos (RNA, DNA, miRNA y otros \\u00e1cidos nucleicos) de muestras biol\\u00f3gicas (c\\u00e9lulas, tejidos y muestras parafinadas).<\\\/p>\",\"text_style\":\"\",\"text_color\":\"\",\"text_size\":\"\",\"column\":\"\",\"position\":\"\",\"position_z_index\":\"\",\"maxwidth\":\"\",\"maxwidth_breakpoint\":\"\",\"block_align\":\"\",\"block_align_breakpoint\":\"\",\"block_align_fallback\":\"\",\"text_align\":\"\",\"text_align_breakpoint\":\"\",\"text_align_fallback\":\"\",\"animation\":\"\",\"visibility\":\"\"}},{\"type\":\"image\",\"props\":{\"margin\":\"default\",\"image_svg_color\":\"emphasis\",\"link_target\":\"\",\"image_border\":\"rounded\",\"image_box_shadow\":\"\",\"image_hover_box_shadow\":\"\",\"image_box_decoration\":\"\",\"position\":\"\",\"position_z_index\":\"\",\"maxwidth\":\"\",\"maxwidth_breakpoint\":\"\",\"block_align\":\"\",\"block_align_breakpoint\":\"\",\"block_align_fallback\":\"\",\"text_align\":\"center\",\"text_align_breakpoint\":\"\",\"text_align_fallback\":\"\",\"animation\":\"\",\"visibility\":\"\",\"image\":\"wp-content\\\/uploads\\\/2020\\\/05\\\/Qiacube-Nuclei.jpg\",\"image_width\":\"250\"}},{\"type\":\"divider\",\"props\":{\"divider_element\":\"hr\",\"divider_style\":\"\",\"divider_align\":\"\",\"divider_align_breakpoint\":\"\",\"divider_align_fallback\":\"\",\"position\":\"\",\"position_z_index\":\"\",\"margin\":\"\",\"maxwidth\":\"\",\"maxwidth_breakpoint\":\"\",\"block_align\":\"\",\"block_align_breakpoint\":\"\",\"block_align_fallback\":\"\",\"animation\":\"\",\"visibility\":\"\"}},{\"name\":\"\",\"type\":\"text\",\"props\":{\"margin\":\"default\",\"column_breakpoint\":\"m\",\"content\":\"\n\n<p>Equipos de PCR convencionales: PCR 2720, PCR 9700 y PCR Verity Thermal Cycler de Applied Biosystems<\\\/p>\",\"dropcap\":false,\"text_color\":\"\",\"text_style\":\"\",\"text_size\":\"\",\"column\":\"\",\"position\":\"\",\"position_z_index\":\"\",\"maxwidth\":\"\",\"maxwidth_breakpoint\":\"\",\"block_align\":\"\",\"block_align_breakpoint\":\"\",\"block_align_fallback\":\"\",\"text_align\":\"\",\"text_align_breakpoint\":\"\",\"text_align_fallback\":\"\",\"animation\":\"\",\"visibility\":\"\"}},{\"type\":\"image\",\"props\":{\"margin\":\"default\",\"image_svg_color\":\"emphasis\",\"link_target\":\"\",\"image_border\":\"rounded\",\"image_box_shadow\":\"\",\"image_hover_box_shadow\":\"\",\"image_box_decoration\":\"\",\"position\":\"\",\"position_z_index\":\"\",\"maxwidth\":\"\",\"maxwidth_breakpoint\":\"\",\"block_align\":\"\",\"block_align_breakpoint\":\"\",\"block_align_fallback\":\"\",\"text_align\":\"center\",\"text_align_breakpoint\":\"\",\"text_align_fallback\":\"\",\"animation\":\"\",\"visibility\":\"\",\"image\":\"wp-content\\\/uploads\\\/2020\\\/05\\\/PCRVerityThermalCycler.jpeg\",\"image_width\":\"250\"}}]},{\"name\":\"\",\"type\":\"column\",\"props\":{\"widths\":[\"\"],\"image_position\":\"center-center\",\"style\":\"primary\",\"media_overlay_gradient\":\"\"},\"children\":[{\"name\":\"\",\"type\":\"text\",\"props\":{\"margin\":\"default\",\"column_breakpoint\":\"m\",\"content\":\"\n\n<p>Bioanalizador 2100 para cuantificaci\\u00f3n de DNA\\\/RNA y an\\u00e1lisis de calidad de RNA.\\u00a0<\\\/p>\",\"text_style\":\"\",\"text_color\":\"\",\"text_size\":\"\",\"column\":\"\",\"position\":\"\",\"position_z_index\":\"\",\"maxwidth\":\"\",\"maxwidth_breakpoint\":\"\",\"block_align\":\"\",\"block_align_breakpoint\":\"\",\"block_align_fallback\":\"\",\"text_align\":\"\",\"text_align_breakpoint\":\"\",\"text_align_fallback\":\"\",\"animation\":\"\",\"visibility\":\"\"}},{\"type\":\"image\",\"props\":{\"margin\":\"default\",\"image_svg_color\":\"emphasis\",\"link_target\":\"\",\"image_border\":\"rounded\",\"image_box_shadow\":\"\",\"image_hover_box_shadow\":\"\",\"image_box_decoration\":\"\",\"position\":\"\",\"position_z_index\":\"\",\"maxwidth\":\"\",\"maxwidth_breakpoint\":\"\",\"block_align\":\"\",\"block_align_breakpoint\":\"\",\"block_align_fallback\":\"\",\"text_align\":\"center\",\"text_align_breakpoint\":\"\",\"text_align_fallback\":\"\",\"animation\":\"\",\"visibility\":\"\",\"image\":\"wp-content\\\/uploads\\\/2020\\\/05\\\/Bioanalizador2100.jpeg\",\"image_width\":\"250\"}},{\"type\":\"divider\",\"props\":{\"divider_element\":\"hr\",\"divider_style\":\"\",\"divider_align\":\"\",\"divider_align_breakpoint\":\"\",\"divider_align_fallback\":\"\",\"position\":\"\",\"position_z_index\":\"\",\"margin\":\"\",\"maxwidth\":\"\",\"maxwidth_breakpoint\":\"\",\"block_align\":\"\",\"block_align_breakpoint\":\"\",\"block_align_fallback\":\"\",\"animation\":\"\",\"visibility\":\"\"}},{\"name\":\"\",\"type\":\"text\",\"props\":{\"margin\":\"default\",\"column_breakpoint\":\"m\",\"content\":\"\n\n<p>Espectofot\\u00f3metros Nanodrop ND-1000 y ND-8000 para cuantificaci\\u00f3n de \\u00e1cidos nucleicos.<\\\/p>\",\"dropcap\":false,\"text_color\":\"\",\"text_style\":\"\",\"text_size\":\"\",\"column\":\"\",\"position\":\"\",\"position_z_index\":\"\",\"maxwidth\":\"\",\"maxwidth_breakpoint\":\"\",\"block_align\":\"\",\"block_align_breakpoint\":\"\",\"block_align_fallback\":\"\",\"text_align\":\"\",\"text_align_breakpoint\":\"\",\"text_align_fallback\":\"\",\"animation\":\"\",\"visibility\":\"\"}},{\"type\":\"image\",\"props\":{\"margin\":\"default\",\"image_svg_color\":\"emphasis\",\"link_target\":\"\",\"image_border\":\"rounded\",\"image_box_shadow\":\"\",\"image_hover_box_shadow\":\"\",\"image_box_decoration\":\"\",\"position\":\"\",\"position_z_index\":\"\",\"maxwidth\":\"\",\"maxwidth_breakpoint\":\"\",\"block_align\":\"\",\"block_align_breakpoint\":\"\",\"block_align_fallback\":\"\",\"text_align\":\"center\",\"text_align_breakpoint\":\"\",\"text_align_fallback\":\"\",\"animation\":\"\",\"visibility\":\"\",\"image\":\"wp-content\\\/uploads\\\/2020\\\/05\\\/ND-8000.jpeg\",\"image_width\":\"250\"}}]}]},{\"type\":\"row\",\"props\":{\"layout\":\"1-1\",\"breakpoint\":\"m\",\"fixed_width\":\"large\",\"gutter\":\"\",\"width\":\"\",\"width_expand\":\"\",\"height\":\"\",\"margin\":\"\"},\"children\":[{\"type\":\"column\",\"props\":{\"widths\":[\"1-1\"],\"image_position\":\"center-center\",\"media_overlay_gradient\":\"\",\"vertical_align\":\"\",\"style\":\"\",\"text_color\":\"\",\"padding\":\"\"},\"children\":[{\"name\":\"\",\"type\":\"headline\",\"props\":{\"title_element\":\"h4\",\"content\":\"M\\u00e1s Equipamiento\",\"title_decoration\":\"bullet\",\"title_color\":\"danger\",\"title_style\":\"\",\"position\":\"\",\"position_z_index\":\"\",\"margin\":\"\",\"maxwidth\":\"\",\"maxwidth_breakpoint\":\"\",\"block_align\":\"\",\"block_align_breakpoint\":\"\",\"block_align_fallback\":\"\",\"text_align\":\"\",\"text_align_breakpoint\":\"\",\"text_align_fallback\":\"\",\"animation\":\"\",\"visibility\":\"\"}}]}]}]},{\"type\":\"section\",\"props\":{\"style\":\"default\",\"width\":\"default\",\"vertical_align\":\"middle\",\"title_position\":\"top-left\",\"title_rotation\":\"left\",\"title_breakpoint\":\"xl\",\"image_position\":\"center-center\",\"text_color\":\"\",\"width_expand\":\"\",\"height\":\"\",\"padding\":\"\",\"header_transparent\":\"\",\"animation\":\"\"},\"children\":[{\"type\":\"row\",\"props\":{\"layout\":\",1-2,\",\"breakpoint\":\"m\",\"fixed_width\":\"large\",\"gutter\":\"\",\"width\":\"\",\"width_expand\":\"\",\"height\":\"\",\"margin\":\"\"},\"children\":[{\"type\":\"column\",\"props\":{\"widths\":[\"\"],\"image_position\":\"center-center\",\"media_overlay_gradient\":\"\",\"vertical_align\":\"\",\"style\":\"\",\"text_color\":\"\",\"padding\":\"\"},\"children\":[]},{\"type\":\"column\",\"props\":{\"widths\":[\"1-2\"],\"image_position\":\"center-center\",\"media_overlay_gradient\":\"\",\"vertical_align\":\"\",\"style\":\"\",\"text_color\":\"\",\"padding\":\"\"},\"children\":[{\"type\":\"text\",\"props\":{\"margin\":\"default\",\"column_breakpoint\":\"m\",\"text_style\":\"\",\"text_color\":\"\",\"text_size\":\"\",\"column\":\"\",\"position\":\"\",\"position_z_index\":\"\",\"maxwidth\":\"\",\"maxwidth_breakpoint\":\"\",\"block_align\":\"\",\"block_align_breakpoint\":\"\",\"block_align_fallback\":\"\",\"text_align\":\"\",\"text_align_breakpoint\":\"\",\"text_align_fallback\":\"\",\"animation\":\"\",\"visibility\":\"\",\"content\":\"\n\n<ul>\\n\n\n<li>SAI CITOMETRO CONFOCAL -UCM\\\/IISGM<\\\/li>\\n\n\n<li><em>CIT\\u00d3METRO DE FLUJO 10 COLORES modelo Gallios (Beckman Coulter)<\\\/em><\\\/li>\\n\n\n<li>CIT\\u00d3METRO DE FLUJO SEPARADOR modelo MoFlo Astrios, (Beckman- Coulter)<\\\/li>\\n\n\n<li><em>MICROSCOPIO DE FLUORESCENCIA modelo Eclipse 50i con sistema \\u00f3ptico de Nikon CFI60.<\\\/em><\\\/li>\\n\n\n<li>MICROSCOPIO INVERTIDO DE FLUORESCENCIA CONFOCAL modelo LEICA-SP2<\\\/li>\\n\n\n<li><em>MICROSCOPIO INVERTIDO MOTORIZADO DM IRE2 Fluo TCS<\\\/em><\\\/li>\\n\n\n<li>MICROSCOPIO INVERTIDO DE FLUORESCENCIA CONFOCAL ESPECTRAL modelo LEICA-SPE<\\\/li>\\n\n\n<li><em>MICROSCOPIO INVERTIDO MOTORIZADO DMi8<\\\/em><\\\/li>\\n\n\n<li>UCM<\\\/li>\\n\n\n<li><em>MICROTOMO HM325<\\\/em><\\\/li>\\n\n\n<li>PROCESADOR DE TEJIDOS STP 120<\\\/li>\\n\n\n<li><em>Centro de Inclusi\\u00f3n EC 350<\\\/em><\\\/li>\\n\n\n<li>BIOPLEX<\\\/li>\\n<\\\/ul>\"}}]},{\"type\":\"column\",\"props\":{\"widths\":[\"\"],\"image_position\":\"center-center\",\"media_overlay_gradient\":\"\",\"vertical_align\":\"\",\"style\":\"\",\"text_color\":\"\",\"padding\":\"\"},\"children\":[]}]}]}],\"version\":\"1.20.3\",\"props\":[]} --><\/p>\n","protected":false},"excerpt":{"rendered":"<p>Equipamiento Biobanco de muestras de patolog\u00eda renal CIFRA2 (con certificaci\u00f3n SGC ISO9001), localizado en el Hospital Ram\u00f3n y Cajal (consultar del apartado correspondiente en nuestra web CIFRA2_CM) Biomek 3000 Liquid Handling Automation Workstation de Beckman Coulter para el pipeteo automatizado de placas de 384 pocillos para Real Time PCR, extracci\u00f3n de ADN para genotipado y [&hellip;]<\/p>\n","protected":false},"author":2,"featured_media":0,"parent":0,"menu_order":0,"comment_status":"closed","ping_status":"closed","template":"","meta":{"footnotes":""},"class_list":["post-129","page","type-page","status-publish","hentry"],"_links":{"self":[{"href":"https:\/\/cifra2-cm.com\/index.php\/wp-json\/wp\/v2\/pages\/129","targetHints":{"allow":["GET"]}}],"collection":[{"href":"https:\/\/cifra2-cm.com\/index.php\/wp-json\/wp\/v2\/pages"}],"about":[{"href":"https:\/\/cifra2-cm.com\/index.php\/wp-json\/wp\/v2\/types\/page"}],"author":[{"embeddable":true,"href":"https:\/\/cifra2-cm.com\/index.php\/wp-json\/wp\/v2\/users\/2"}],"replies":[{"embeddable":true,"href":"https:\/\/cifra2-cm.com\/index.php\/wp-json\/wp\/v2\/comments?post=129"}],"version-history":[{"count":22,"href":"https:\/\/cifra2-cm.com\/index.php\/wp-json\/wp\/v2\/pages\/129\/revisions"}],"predecessor-version":[{"id":619,"href":"https:\/\/cifra2-cm.com\/index.php\/wp-json\/wp\/v2\/pages\/129\/revisions\/619"}],"wp:attachment":[{"href":"https:\/\/cifra2-cm.com\/index.php\/wp-json\/wp\/v2\/media?parent=129"}],"curies":[{"name":"wp","href":"https:\/\/api.w.org\/{rel}","templated":true}]}}