{"id":133,"date":"2018-08-01T07:30:40","date_gmt":"2018-08-01T07:30:40","guid":{"rendered":"https:\/\/cifra2-cm.com\/?page_id=133"},"modified":"2018-08-01T07:59:27","modified_gmt":"2018-08-01T07:59:27","slug":"servicios-ofertados","status":"publish","type":"page","link":"https:\/\/cifra2-cm.com\/index.php\/servicios-ofertados\/","title":{"rendered":"Servicios ofertados"},"content":{"rendered":"<p>Servicios ofertados<\/p>\n<p>SECUENCIACI\u00d3N Y AN\u00c1LISIS DE FRAGMENTOS<\/p>\n<p>\nSecuenciaci\u00f3n Sanger de muestras de ADN (fragmentos clonados, productos de PCR&#8230;)<br \/>\nPurificaci\u00f3n de ADN plasm\u00eddico, productos de PCR.<br \/>\nAn\u00e1lisis de secuencias: comparaciones, alineamientos, edici\u00f3n de contigs, dise\u00f1o de oligos\u037e para PCR y secuenciaci\u00f3n, an\u00e1lisis comparativo frente a bases de datos<br \/>\nAn\u00e1lisis gen\u00f3mico de fragmentos de ADN: AFLPS, microsat\u00e9lites\u037e Autentificaci\u00f3n de l\u00edneas celulares humanas mediante comparaci\u00f3n de perfiles de microsat\u00e9lites. Emisi\u00f3n de informes<br \/>\nAsesoramiento cient\u00edfico y t\u00e9cnico para proyectos de secuenciaci\u00f3n.\n<\/p>\n<p>SECUENCIACI\u00d3N MASIVA<\/p>\n<p>\nAsesoramiento cient\u00edfico y t\u00e9cnico sobre preparaci\u00f3n de muestras, dise\u00f1o de experimentos&#8230;. de acuerdo con los standards de la plataforma del PCM\n<\/p>\n<p>PCR EN TIEMPO REAL<\/p>\n<p>\nCuantificaci\u00f3n de \u00e1cidos nucleicos (ADN, ARN&#8230;)\u037e An\u00e1lisis de integridad de \u00e1cidos nucle\u00edcos.<br \/>\nRetrotranscripci\u00f3n de ARN.<br \/>\nDise\u00f1o de sondas y primers para Real Time PCR.<br \/>\nEnsayos de Real Time en placas de 96\/384 pocillos o en TLDAs (tarjetas microflu\u00eddicas).<br \/>\nAn\u00e1lisis de resultados\u037e Asesoramiento cient\u00edfico y t\u00e9cnico\n<\/p>\n<p>EXTRACCI\u00d3N AUTOM\u00c1TICA DE ACIDOS NUCLEICOS<\/p>\n<p>\nExtracci\u00f3n de RNA de c\u00e9lulas, tejidos, muestras parafinadas paraReal Time, Secuenciaci\u00f3n masiva.<br \/>\nExtracci\u00f3n de DNA de c\u00e9lulas, tejidos, muestras parafinadas para Real Time, autentificaci\u00f3n de l\u00edneas celulares humanas.<br \/>\nCuantificaci\u00f3n de \u00e1cidos nucleicos (ADN, ARN&#8230;).<br \/>\nAn\u00e1lisis de integridad de \u00e1cidos nucleicos.\n<\/p>\n<p>GENOTIPADO DE RATONES TRANSG\u00c9NICOS<\/p>\n<p>\nDise\u00f1o de primers para genotipado por PCR\u037e Extracci\u00f3n de DNA de colas de\u00a0rat\u00f3n, PCR.<br \/>\nEmisi\u00f3n de informes\n<\/p>\n<p>Cooperaci\u00f3n y colaboraci\u00f3n con organismos, laboratorio y agentes<\/p>\n<p>El laboratorio de gen\u00f3mica ha colaborado en los siguientes proyectos de investigaci\u00f3n durante los \u00faltimos a\u00f1os:<\/p>\n<p>\u00abPreclinical proof of concept of AF243 potency to prevent and\/or treat sensorineural hearing loss\u201d (FP7Health2012Innovation2:AFHELO 304900) Entidad financiadora: European Union Program Health IP: Isabel Varela Nieto (IIBm). 201315<br \/>\n\u00abUtilizaci\u00f3n de modelos animales y celulares para caracterizar el fracaso renal agudo y multiorg\u00e1nico\u00bb IP: Lisardo Bosc\u00e1 Gomar Proyecto de la Comunidad de Madrid en Biomedicina Convocatoria 2010. Duraci\u00f3n 201215<br \/>\n\u00abEstudio del potencial fermentativo y biotecnol\u00f3gico de levaduras v\u00ednicas de tipo no Saccharomyces.\u00bb Duraci\u00f3n: de 2013 a 2014 IP: Cruz Santos Tejedor Proyectos de la Universidad Fco de Vitoria.<br \/>\n\u201cCaracterizaci\u00f3n de levaduras de vinificaci\u00f3n ind\u00edgenas de la Ribera del Duero: desarrollo de marcadores moleculares para su identificaci\u00f3n y estudio de su potencial fermentativo.\u201d Duraci\u00f3n: de 2010 a 2012 IP: Cruz Santos Tejedor Proyectos de la Universidad Fco de Vitoria\n<\/p>\n<p><!-- {\"name\":\"\",\"type\":\"layout\",\"children\":[{\"name\":\"\",\"type\":\"section\",\"props\":{\"style\":\"default\",\"width\":\"default\",\"vertical_align\":\"middle\",\"title_position\":\"top-left\",\"title_rotation\":\"left\",\"title_breakpoint\":\"xl\",\"image_position\":\"center-center\"},\"children\":[{\"name\":\"\",\"type\":\"row\",\"props\":{\"fixed_width\":\"large\",\"breakpoint\":\"m\",\"layout\":\"1-1\"},\"children\":[{\"name\":\"\",\"type\":\"column\",\"props\":{\"widths\":[\"1-1\"],\"image_position\":\"center-center\"},\"children\":[{\"name\":\"\",\"type\":\"headline\",\"props\":{\"title_element\":\"h4\",\"content\":\"Servicios ofertados\",\"title_decoration\":\"bullet\",\"title_color\":\"danger\"}}]}]},{\"name\":\"\",\"type\":\"row\",\"props\":{\"fixed_width\":\"large\",\"breakpoint\":\"m\",\"layout\":\",\"},\"children\":[{\"name\":\"\",\"type\":\"column\",\"props\":{\"widths\":[\"\"],\"image_position\":\"center-center\",\"style\":\"primary\"},\"children\":[{\"name\":\"\",\"type\":\"headline\",\"props\":{\"title_element\":\"h1\",\"content\":\"SECUENCIACI\\u00d3N Y AN\\u00c1LISIS DE FRAGMENTOS\",\"title_style\":\"h6\",\"title_color\":\"\"}},{\"name\":\"\",\"type\":\"text\",\"props\":{\"margin\":\"default\",\"column_breakpoint\":\"m\",\"content\":\"\n\n<ul>\\n\n\n<li>Secuenciaci\\u00f3n Sanger de muestras de ADN (fragmentos clonados, productos de PCR...)<\\\/li>\\n\n\n<li>Purificaci\\u00f3n de ADN plasm\\u00eddico, productos de PCR.<\\\/li>\\n\n\n<li>An\\u00e1lisis de secuencias: comparaciones, alineamientos, edici\\u00f3n de contigs, dise\\u00f1o de oligos\\u037e para PCR y secuenciaci\\u00f3n, an\\u00e1lisis comparativo frente a bases de datos<\\\/li>\\n\n\n<li>An\\u00e1lisis gen\\u00f3mico de fragmentos de ADN: AFLPS, microsat\\u00e9lites\\u037e Autentificaci\\u00f3n de l\\u00edneas celulares humanas mediante comparaci\\u00f3n de perfiles de microsat\\u00e9lites. Emisi\\u00f3n de informes<\\\/li>\\n\n\n<li>Asesoramiento cient\\u00edfico y t\\u00e9cnico para proyectos de secuenciaci\\u00f3n.<\\\/li>\\n<\\\/ul>\"}}]},{\"name\":\"\",\"type\":\"column\",\"props\":{\"widths\":[\"\"],\"image_position\":\"center-center\",\"style\":\"muted\"},\"children\":[{\"name\":\"\",\"type\":\"headline\",\"props\":{\"title_element\":\"h6\",\"content\":\"SECUENCIACI\\u00d3N MASIVA\"}},{\"name\":\"\",\"type\":\"text\",\"props\":{\"margin\":\"default\",\"column_breakpoint\":\"m\",\"content\":\"\n\n<ul>\\n\n\n<li>Asesoramiento cient\\u00edfico y t\\u00e9cnico sobre preparaci\\u00f3n de muestras, dise\\u00f1o de experimentos.... de acuerdo con los standards de la plataforma del PCM<\\\/li>\\n<\\\/ul>\",\"dropcap\":false,\"text_color\":\"\"}},{\"name\":\"\",\"type\":\"headline\",\"props\":{\"title_element\":\"h6\",\"content\":\"PCR EN TIEMPO REAL\"}},{\"name\":\"\",\"type\":\"text\",\"props\":{\"margin\":\"default\",\"column_breakpoint\":\"m\",\"content\":\"\n\n<ul>\\n\n\n<li>Cuantificaci\\u00f3n de \\u00e1cidos nucleicos (ADN, ARN...)\\u037e An\\u00e1lisis de integridad de \\u00e1cidos nucle\\u00edcos.<\\\/li>\\n\n\n<li>Retrotranscripci\\u00f3n de ARN.<\\\/li>\\n\n\n<li>Dise\\u00f1o de sondas y primers para Real Time PCR.<\\\/li>\\n\n\n<li>Ensayos de Real Time en placas de 96\\\/384 pocillos o en TLDAs (tarjetas microflu\\u00eddicas).<\\\/li>\\n\n\n<li>An\\u00e1lisis de resultados\\u037e Asesoramiento cient\\u00edfico y t\\u00e9cnico<\\\/li>\\n<\\\/ul>\",\"dropcap\":false,\"text_color\":\"\"}}]}]},{\"name\":\"\",\"type\":\"row\",\"props\":{\"fixed_width\":\"large\",\"breakpoint\":\"m\",\"layout\":\",\"},\"children\":[{\"name\":\"\",\"type\":\"column\",\"props\":{\"widths\":[\"\"],\"image_position\":\"center-center\",\"style\":\"muted\"},\"children\":[{\"name\":\"\",\"type\":\"headline\",\"props\":{\"title_element\":\"h1\",\"content\":\"EXTRACCI\\u00d3N AUTOM\\u00c1TICA DE ACIDOS NUCLEICOS\",\"title_style\":\"h6\",\"title_color\":\"\"}},{\"name\":\"\",\"type\":\"text\",\"props\":{\"margin\":\"default\",\"column_breakpoint\":\"m\",\"content\":\"\n\n<ul>\\n\n\n<li>Extracci\\u00f3n de RNA de c\\u00e9lulas, tejidos, muestras parafinadas para<br \\\/>Real Time, Secuenciaci\\u00f3n masiva.<\\\/li>\\n\n\n<li>Extracci\\u00f3n de DNA de c\\u00e9lulas, tejidos, muestras parafinadas para Real Time, autentificaci\\u00f3n de l\\u00edneas celulares humanas.<\\\/li>\\n\n\n<li>Cuantificaci\\u00f3n de \\u00e1cidos nucleicos (ADN, ARN...).<\\\/li>\\n\n\n<li>An\\u00e1lisis de integridad de \\u00e1cidos nucleicos.<\\\/li>\\n<\\\/ul>\"}}]},{\"name\":\"\",\"type\":\"column\",\"props\":{\"widths\":[\"\"],\"image_position\":\"center-center\",\"style\":\"primary\"},\"children\":[{\"name\":\"\",\"type\":\"headline\",\"props\":{\"title_element\":\"h6\",\"content\":\"GENOTIPADO DE RATONES TRANSG\\u00c9NICOS\"}},{\"name\":\"\",\"type\":\"text\",\"props\":{\"margin\":\"default\",\"column_breakpoint\":\"m\",\"content\":\"\n\n<ul>\\n\n\n<li>Dise\\u00f1o de primers para genotipado por PCR\\u037e Extracci\\u00f3n de DNA de colas de\\u00a0rat\\u00f3n, PCR.<\\\/li>\\n\n\n<li>Emisi\\u00f3n de informes<\\\/li>\\n<\\\/ul>\",\"dropcap\":false,\"text_color\":\"\"}}]}]}]},{\"name\":\"\",\"type\":\"section\",\"props\":{\"style\":\"default\",\"width\":\"default\",\"vertical_align\":\"middle\",\"title_position\":\"top-left\",\"title_rotation\":\"left\",\"title_breakpoint\":\"xl\",\"image_position\":\"center-center\"},\"children\":[{\"name\":\"\",\"type\":\"row\",\"props\":{\"fixed_width\":\"large\",\"breakpoint\":\"m\",\"layout\":\"1-1\"},\"children\":[{\"name\":\"\",\"type\":\"column\",\"props\":{\"widths\":[\"1-1\"],\"image_position\":\"center-center\"},\"children\":[{\"name\":\"\",\"type\":\"headline\",\"props\":{\"title_element\":\"h4\",\"content\":\"Cooperaci\\u00f3n y colaboraci\\u00f3n con organismos, laboratorio y agentes\",\"title_decoration\":\"bullet\",\"title_color\":\"danger\"}},{\"name\":\"\",\"type\":\"text\",\"props\":{\"margin\":\"default\",\"column_breakpoint\":\"m\",\"content\":\"\n\n<p><strong><em>El laboratorio de gen\\u00f3mica ha colaborado en los siguientes proyectos de investigaci\\u00f3n durante los \\u00faltimos a\\u00f1os:<\\\/em><\\\/strong><\\\/p>\\n\n\n<ul>\\n\n\n<li>\\\"Preclinical proof of concept of AF243 potency to prevent and\\\/or treat sensorineural hearing loss\\u201d (FP7Health2012Innovation2:<br \\\/>AFHELO 304900) Entidad financiadora: European Union Program Health IP: Isabel Varela Nieto (IIBm). 201315<\\\/li>\\n\n\n<li>\\\"Utilizaci\\u00f3n de modelos animales y celulares para caracterizar el fracaso renal agudo y multiorg\\u00e1nico\\\" IP: Lisardo Bosc\\u00e1 Gomar Proyecto de la Comunidad de Madrid en Biomedicina Convocatoria 2010. Duraci\\u00f3n 201215<\\\/li>\\n\n\n<li>\\\"Estudio del potencial fermentativo y biotecnol\\u00f3gico de levaduras v\\u00ednicas de tipo no Saccharomyces.\\\" Duraci\\u00f3n: de 2013 a 2014 IP: Cruz Santos Tejedor Proyectos de la Universidad Fco de Vitoria.<\\\/li>\\n\n\n<li>\\u201cCaracterizaci\\u00f3n de levaduras de vinificaci\\u00f3n ind\\u00edgenas de la Ribera del Duero: desarrollo de marcadores moleculares para su identificaci\\u00f3n y estudio de su potencial fermentativo.\\u201d Duraci\\u00f3n: de 2010 a 2012 IP: Cruz Santos Tejedor Proyectos de la Universidad Fco de Vitoria<\\\/li>\\n<\\\/ul>\"}}]}]}]}]} --><\/p>\n","protected":false},"excerpt":{"rendered":"<p>Servicios ofertados SECUENCIACI\u00d3N Y AN\u00c1LISIS DE FRAGMENTOS Secuenciaci\u00f3n Sanger de muestras de ADN (fragmentos clonados, productos de PCR&#8230;) Purificaci\u00f3n de ADN plasm\u00eddico, productos de PCR. An\u00e1lisis de secuencias: comparaciones, alineamientos, edici\u00f3n de contigs, dise\u00f1o de oligos\u037e para PCR y secuenciaci\u00f3n, an\u00e1lisis comparativo frente a bases de datos An\u00e1lisis gen\u00f3mico de fragmentos de ADN: AFLPS, microsat\u00e9lites\u037e [&hellip;]<\/p>\n","protected":false},"author":2,"featured_media":0,"parent":0,"menu_order":0,"comment_status":"closed","ping_status":"closed","template":"","meta":{"footnotes":""},"class_list":["post-133","page","type-page","status-publish","hentry"],"_links":{"self":[{"href":"https:\/\/cifra2-cm.com\/index.php\/wp-json\/wp\/v2\/pages\/133","targetHints":{"allow":["GET"]}}],"collection":[{"href":"https:\/\/cifra2-cm.com\/index.php\/wp-json\/wp\/v2\/pages"}],"about":[{"href":"https:\/\/cifra2-cm.com\/index.php\/wp-json\/wp\/v2\/types\/page"}],"author":[{"embeddable":true,"href":"https:\/\/cifra2-cm.com\/index.php\/wp-json\/wp\/v2\/users\/2"}],"replies":[{"embeddable":true,"href":"https:\/\/cifra2-cm.com\/index.php\/wp-json\/wp\/v2\/comments?post=133"}],"version-history":[{"count":9,"href":"https:\/\/cifra2-cm.com\/index.php\/wp-json\/wp\/v2\/pages\/133\/revisions"}],"predecessor-version":[{"id":146,"href":"https:\/\/cifra2-cm.com\/index.php\/wp-json\/wp\/v2\/pages\/133\/revisions\/146"}],"wp:attachment":[{"href":"https:\/\/cifra2-cm.com\/index.php\/wp-json\/wp\/v2\/media?parent=133"}],"curies":[{"name":"wp","href":"https:\/\/api.w.org\/{rel}","templated":true}]}}