{"id":584,"date":"2020-05-28T18:15:20","date_gmt":"2020-05-28T18:15:20","guid":{"rendered":"https:\/\/cifra2-cm.com\/?page_id=584"},"modified":"2020-06-23T16:01:11","modified_gmt":"2020-06-23T16:01:11","slug":"difusion-eventos-noticias-videos-y-blogs","status":"publish","type":"page","link":"https:\/\/cifra2-cm.com\/index.php\/difusion-eventos-noticias-videos-y-blogs\/","title":{"rendered":"DIFUSI\u00d3N: EVENTOS, NOTICIAS, VIDEOS Y BLOGS"},"content":{"rendered":"<p><!-- Builder # --><\/p>\n<h4>DIFUSI\u00d3N: EVENTOS, NOTICIAS, VIDEOS Y BLOGS<\/h4>\n<h1>noticias y eventos<\/h1>\n<ul>\n<li>\n        <a href=\"https:\/\/www.asn-online.org\/education\/kidneyweek\/\">KIDNEY WEEK THE WORLD&#8217;S PREMIER NEPHROLOGY MEETING<\/a>\n    <\/li>\n<li>\n        <a href=\"http:\/\/formacion.senefro.org\/modules.php?name=elearning&#038;d_op=showcourse&#038;idcourse=35&#038;idconvocatoria=107\">Master online en Patolog\u00eda Renal. Edici\u00f3n V. 2020 &#8211; 2021<\/a>\n    <\/li>\n<li>\n        <a href=\"https:\/\/www.somane.org\/modules.php?name=news&#038;d_op=showNew&#038;date=20200217&#038;idnews=106\">Ayuda Fundaci\u00f3n Madrile\u00f1a de Nefrolog\u00eda 2020<\/a>\n    <\/li>\n<li>\n        <a href=\"https:\/\/senefro.org\/modules.php?name=grupos&#038;d_op=viewgroup&#038;idgroup=6006&#038;idgroupcontent=1722\">GRUPO GLOSEN\/CLUB DE NEFROPATOLOG\u00cdA-A\u00d1O 2020 VIRTUAL<\/a>\n    <\/li>\n<li>\n        <a href=\"https:\/\/stream.doblem.net\/login\/sein20200601\/?id=2283\">WEBINAR COVID-19 Y RI\u00d1\u00d3N de la SOCIEDAD ESPA\u00d1OLA de NEFROLOG\u00cdA<\/a>\n    <\/li>\n<li>\n        <a href=\"https:\/\/us02web.zoom.us\/webinar\/register\/WN_CXelVY85Rp-IET5lykZ3og\">Inscripci\u00f3n al seminario web &#8211; Tema CICLO WEBINARS #SVN2020: \u201cAplicaci\u00f3n de la Inteligencia Artificial y Deep Learning en la Anatom\u00eda Patol\u00f3gica\u201d<\/a>\n    <\/li>\n<li>\n        <a href=\"https:\/\/www.svnefrologia.es\/eventos\">22 de Junio de 2020 WEBINAR: \u00bfQu\u00e9 efecto ha tenido el COVID 19 en el tratamiento con di\u00e1lisis peritoneal? Debate de expertos<\/a>\n    <\/li>\n<\/ul>\n<div>\n<ul>\n<li>\n<div><a class=\"moz-txt-link-freetext\" href=\"https:\/\/secardiologia.es\/proyectos\/renal-empareg\/index.html\">https:\/\/secardiologia.es\/proyectos\/renal-empareg\/index.html<\/a><\/div>\n<\/li>\n<li>\n<div><a class=\"moz-txt-link-freetext\" href=\"https:\/\/www.youtube.com\/watch?v=uZjmRPPc1KQ\">https:\/\/www.youtube.com\/watch?v=uZjmRPPc1KQ<\/a><\/div>\n<\/li>\n<li>\n<div><a class=\"moz-txt-link-freetext\" href=\"https:\/\/secardiologia.es\/component\/content\/article?id=8213:actualizacion-del-tratamiento-antidiabetico-en-paciente-cardiopata\">https:\/\/secardiologia.es\/component\/content\/article?id=8213:actualizacion-del-tratamiento-antidiabetico-en-paciente-cardiopata<\/a><\/div>\n<\/li>\n<li>\n<div><a class=\"moz-txt-link-freetext\" href=\"https:\/\/secardiologia.es\/comunicacion\/la-sec-en-los-medios\/612-e-learning?start=70\">https:\/\/secardiologia.es\/comunicacion\/la-sec-en-los-medios\/612-e-learning?start=70<\/a><\/div>\n<\/li>\n<\/ul>\n<\/div>\n<div>\n<ul>\n<li>\n<div><a class=\"moz-txt-link-freetext\" href=\"https:\/\/www.dailymotion.com\/video\/x5vm7iq\">https:\/\/www.dailymotion.com\/video\/x5vm7iq<\/a><\/div>\n<\/li>\n<li>\n<div><a class=\"moz-txt-link-freetext\" href=\"https:\/\/secardiologia.es\/cientifico\/grupos-de-trabajo\/diabetes\/enlaces\/9117-cardioren-reunion-sindrome-cardiorenal\">https:\/\/secardiologia.es\/cientifico\/grupos-de-trabajo\/diabetes\/enlaces\/9117-cardioren-reunion-sindrome-cardiorenal<\/a><\/div>\n<\/li>\n<li>\n<div><a class=\"moz-txt-link-freetext\" href=\"https:\/\/secardiologia.es\/multimedia\/cardiotv?start=200\">https:\/\/secardiologia.es\/multimedia\/cardiotv?start=200<\/a><\/div>\n<\/li>\n<\/ul>\n<\/div>\n<h1>congresos y asociaciones<\/h1>\n<div>\n<ul>\n<li><a href=\"https:\/\/www.asn-online.org\/education\/kidneyweek\/archives\/future.aspx\">https:\/\/www.asn-online.org\/education\/kidneyweek\/archives\/future.aspx<\/a><\/li>\n<li><a href=\"https:\/\/www.era-edta.org\/en\/virtualcongress2020\/\">https:\/\/www.era-edta.org\/en\/virtualcongress2020\/<\/a><\/li>\n<li><a href=\"http:\/\/congresos.senefro.org\/congreso2020\/modules.php?name=webstructure&amp;idwebstructure=51\">http:\/\/congresos.senefro.org\/congreso2020\/modules.php?name=webstructure&amp;idwebstructure=51<\/a><\/li>\n<li><a href=\"https:\/\/www.senefro.org\/modules.php?name=directorio&amp;idsection=5&amp;idsubsection=638&amp;mes=11&amp;ano=2020\">https:\/\/www.senefro.org\/modules.php?name=directorio&amp;idsection=5&amp;idsubsection=638&amp;mes=11&amp;ano=2020<\/a><\/li>\n<li><a href=\"https:\/\/www.somane.org\/index.php\">https:\/\/www.somane.org\/index.php<\/a><\/li>\n<li><a href=\"https:\/\/twitter.com\/SOMANEorg\">https:\/\/twitter.com\/SOMANEorg<\/a><\/li>\n<li><a href=\"https:\/\/twitter.com\/NDTsocial\">https:\/\/twitter.com\/NDTsocial<\/a><\/li>\n<li><a href=\"https:\/\/twitter.com\/Kidney_Int\">https:\/\/twitter.com\/Kidney_Int<\/a><\/li>\n<li><a href=\"https:\/\/twitter.com\/ASNCommunities\">https:\/\/twitter.com\/ASNCommunities<\/a><\/li>\n<li><a href=\"https:\/\/twitter.com\/JASN_News\">https:\/\/twitter.com\/JASN_News<\/a><\/li>\n<li><a href=\"https:\/\/twitter.com\/EMJNephrology\">https:\/\/twitter.com\/EMJNephrology<\/a><\/li>\n<li><a href=\"https:\/\/twitter.com\/ASNKidney\">https:\/\/twitter.com\/ASNKidney<\/a><\/li>\n<li><a href=\"https:\/\/twitter.com\/NatRevNeph\">https:\/\/twitter.com\/NatRevNeph<\/a><\/li>\n<li><a href=\"https:\/\/twitter.com\/Nephronline\">https:\/\/twitter.com\/Nephronline<\/a><\/li>\n<li><a href=\"https:\/\/twitter.com\/ERAEDTA\">https:\/\/twitter.com\/ERAEDTA<\/a><\/li>\n<li><a href=\"https:\/\/twitter.com\/goKDIGO\">https:\/\/twitter.com\/goKDIGO<\/a><\/li>\n<li><a href=\"https:\/\/twitter.com\/SENefrologia\">https:\/\/twitter.com\/SENefrologia<\/a><\/li>\n<li><a href=\"https:\/\/www.revistanefrologia.com\/es-guia-sociedad-espanola-nefrologia-sobre-articulo-X0211699506019150\">https:\/\/www.revistanefrologia.com\/es-guia-sociedad-espanola-nefrologia-sobre-articulo-X0211699506019150<\/a><\/li>\n<li><a href=\"https:\/\/t.co\/WnugLlhyjH?amp=1\">https:\/\/t.co\/WnugLlhyjH?amp=1<\/a> SAVE THE DATE! Jueves 4 de junio, 17.00h. CEST Downwards arrow Webinar COVID19 y Ri\u00f1\u00f3n: un recorrido por el da\u00f1o vascular, el ri\u00f1\u00f3n y la COVID19<\/li>\n<li>Reuni\u00f3n Anual de la Sociedad Madrile\u00f1a de Nefrolog\u00eda por una reuni\u00f3n on-line dedica al coronavirus. Se celebrar\u00eda el jueves 18 de junio por la tarde <a href=\"https:\/\/t.co\/DuhovFvrks?amp=1\">https:\/\/t.co\/DuhovFvrks?amp=1<\/a><\/li>\n<\/ul>\n<\/div>\n<h6>\n<p>CANALES Y CHARLAS. NOTICIAS<\/p>\n<\/h6>\n<div>\n<ul>\n<li><a href=\"https:\/\/www.redaccionmedica.com\/secciones\/medicina\/coronavirus-muerte-covid-19-nefrologo-gregorio-maranon-alberto-tejedor-6290\">https:\/\/www.redaccionmedica.com\/secciones\/medicina\/coronavirus-muerte-covid-19-nefrologo-gregorio-maranon-alberto-tejedor-6290<\/a><\/li>\n<li><a href=\"https:\/\/www.comunidad.madrid\/noticias\/2020\/05\/21\/hospital-gregorio-maranon-despide-doctor-alberto-tejedor-fallecido-covid\">https:\/\/www.comunidad.madrid\/noticias\/2020\/05\/21\/hospital-gregorio-maranon-despide-doctor-alberto-tejedor-fallecido-covid<\/a><\/li>\n<li><a href=\"https:\/\/www.youtube.com\/watch?v=Qc4c7xzwzXI\">https:\/\/www.youtube.com\/watch?v=Qc4c7xzwzXI<\/a> Homenaje en el Gregorio Mara\u00f1\u00f3n al m\u00e9dico fallecido<\/li>\n<li><a href=\"https:\/\/www.youtube.com\/watch?v=w2mIGefWUxM&amp;t=11s\">https:\/\/www.youtucom\/watch?v=w2mIGefWUxM&amp;t=11s<\/a> Hasta siempre el Gregorio Mara\u00f1\u00f3n homenajea al doctor Alberto Tejedor, fallecido por coronavirus<\/li>\n<\/ul>\n<p>\u00a0<\/p>\n<\/div>\n<p><!-- {\"type\":\"layout\",\"children\":[{\"name\":\"Ofertados\",\"type\":\"section\",\"props\":{\"style\":\"default\",\"width\":\"default\",\"vertical_align\":\"middle\",\"title_position\":\"top-left\",\"title_rotation\":\"left\",\"title_breakpoint\":\"xl\",\"image_position\":\"center-center\",\"image_effect\":\"\"},\"children\":[{\"name\":\"\",\"type\":\"row\",\"props\":{\"fixed_width\":\"large\",\"breakpoint\":\"m\",\"layout\":\"1-1\"},\"children\":[{\"name\":\"\",\"type\":\"column\",\"props\":{\"widths\":[\"1-1\"],\"image_position\":\"center-center\",\"media_overlay_gradient\":\"\"},\"children\":[{\"name\":\"\",\"type\":\"headline\",\"props\":{\"title_element\":\"h4\",\"content\":\"DIFUSI\\u00d3N: EVENTOS, NOTICIAS, VIDEOS Y BLOGS\",\"title_decoration\":\"bullet\",\"title_color\":\"danger\",\"title_style\":\"\",\"position\":\"\",\"position_z_index\":\"\",\"margin\":\"\",\"maxwidth\":\"\",\"maxwidth_breakpoint\":\"\",\"block_align\":\"\",\"block_align_breakpoint\":\"\",\"block_align_fallback\":\"\",\"text_align\":\"\",\"text_align_breakpoint\":\"\",\"text_align_fallback\":\"\",\"animation\":\"\",\"visibility\":\"\"}}]}]},{\"name\":\"\",\"type\":\"row\",\"props\":{\"fixed_width\":\"large\",\"breakpoint\":\"m\",\"layout\":\"1-1\",\"gutter\":\"\",\"width\":\"\",\"width_expand\":\"\",\"height\":\"\",\"margin\":\"\",\"status\":\"\"},\"children\":[{\"name\":\"\",\"type\":\"column\",\"props\":{\"widths\":[\"1-1\"],\"image_position\":\"center-center\",\"style\":\"primary\",\"media_overlay_gradient\":\"\"},\"children\":[{\"name\":\"\",\"type\":\"headline\",\"props\":{\"title_element\":\"h1\",\"content\":\"noticias y eventos\",\"title_style\":\"h6\",\"title_color\":\"\",\"title_decoration\":\"\",\"position\":\"\",\"position_z_index\":\"\",\"margin\":\"\",\"maxwidth\":\"\",\"maxwidth_breakpoint\":\"\",\"block_align\":\"\",\"block_align_breakpoint\":\"\",\"block_align_fallback\":\"\",\"text_align\":\"\",\"text_align_breakpoint\":\"\",\"text_align_fallback\":\"\",\"animation\":\"\",\"visibility\":\"\"}},{\"type\":\"button\",\"props\":{\"gutter\":\"small\",\"margin\":\"default\",\"button_size\":\"small\",\"position\":\"\",\"position_z_index\":\"\",\"maxwidth\":\"\",\"maxwidth_breakpoint\":\"\",\"block_align\":\"\",\"block_align_breakpoint\":\"\",\"block_align_fallback\":\"\",\"text_align\":\"\",\"text_align_breakpoint\":\"\",\"text_align_fallback\":\"\",\"animation\":\"\",\"visibility\":\"\",\"fullwidth\":true},\"children\":[{\"type\":\"button_item\",\"props\":{\"button_style\":\"danger\",\"icon_align\":\"left\",\"link_target\":\"blank\",\"content\":\"KIDNEY WEEK THE WORLD'S PREMIER NEPHROLOGY MEETING\",\"link\":\"https:\\\/\\\/www.asn-online.org\\\/education\\\/kidneyweek\\\/\"}},{\"type\":\"button_item\",\"props\":{\"button_style\":\"primary\",\"icon_align\":\"left\",\"link_target\":\"blank\",\"content\":\"Master online en Patolog\\u00eda Renal. Edici\\u00f3n V. 2020 - 2021\",\"link\":\"http:\\\/\\\/formacion.senefro.org\\\/modules.php?name=elearning&d_op=showcourse&idcourse=35&idconvocatoria=107\"}},{\"type\":\"button_item\",\"props\":{\"button_style\":\"danger\",\"icon_align\":\"left\",\"link_target\":\"blank\",\"content\":\"Ayuda Fundaci\\u00f3n Madrile\\u00f1a de Nefrolog\\u00eda 2020\",\"link\":\"https:\\\/\\\/www.somane.org\\\/modules.php?name=news&d_op=showNew&date=20200217&idnews=106\"}},{\"type\":\"button_item\",\"props\":{\"button_style\":\"primary\",\"icon_align\":\"left\",\"link_target\":\"blank\",\"content\":\"GRUPO GLOSEN\\\/CLUB DE NEFROPATOLOG\\u00cdA-A\\u00d1O 2020 VIRTUAL\",\"link\":\"https:\\\/\\\/senefro.org\\\/modules.php?name=grupos&d_op=viewgroup&idgroup=6006&idgroupcontent=1722\"}},{\"type\":\"button_item\",\"props\":{\"button_style\":\"danger\",\"icon_align\":\"left\",\"link_target\":\"blank\",\"content\":\"WEBINAR COVID-19 Y RI\\u00d1\\u00d3N de la SOCIEDAD ESPA\\u00d1OLA de NEFROLOG\\u00cdA\",\"link\":\"https:\\\/\\\/stream.doblem.net\\\/login\\\/sein20200601\\\/?id=2283\"}},{\"type\":\"button_item\",\"props\":{\"button_style\":\"primary\",\"icon_align\":\"left\",\"link_target\":\"blank\",\"content\":\"Inscripci\\u00f3n al seminario web - Tema CICLO WEBINARS #SVN2020: \\u201cAplicaci\\u00f3n de la Inteligencia Artificial y Deep Learning en la Anatom\\u00eda Patol\\u00f3gica\\u201d\",\"link\":\"https:\\\/\\\/us02web.zoom.us\\\/webinar\\\/register\\\/WN_CXelVY85Rp-IET5lykZ3og\"}},{\"type\":\"button_item\",\"props\":{\"button_style\":\"danger\",\"icon_align\":\"left\",\"link_target\":\"blank\",\"content\":\"22 de Junio de 2020 WEBINAR: \\u00bfQu\\u00e9 efecto ha tenido el COVID 19 en el tratamiento con di\\u00e1lisis peritoneal? Debate de expertos\",\"link\":\"https:\\\/\\\/www.svnefrologia.es\\\/eventos\"}}]}]}]},{\"type\":\"row\",\"props\":{\"layout\":\",\",\"breakpoint\":\"m\",\"fixed_width\":\"large\",\"gutter\":\"\",\"width\":\"\",\"width_expand\":\"\",\"height\":\"\",\"margin\":\"\"},\"children\":[{\"type\":\"column\",\"props\":{\"widths\":[\"\"],\"image_position\":\"center-center\",\"media_overlay_gradient\":\"\",\"vertical_align\":\"\",\"style\":\"\",\"text_color\":\"\",\"padding\":\"\"},\"children\":[{\"name\":\"\",\"type\":\"text\",\"props\":{\"margin\":\"default\",\"column_breakpoint\":\"m\",\"content\":\"\n\n<ul>\\n\n\n<li>\\n\n\n<div><a class=\\\"moz-txt-link-freetext\\\" href=\\\"https:\\\/\\\/secardiologia.es\\\/proyectos\\\/renal-empareg\\\/index.html\\\">https:\\\/\\\/secardiologia.es\\\/proyectos\\\/renal-empareg\\\/index.html<\\\/a><\\\/div>\\n<\\\/li>\\n\n\n<li>\\n\n\n<div><a class=\\\"moz-txt-link-freetext\\\" href=\\\"https:\\\/\\\/www.youtube.com\\\/watch?v=uZjmRPPc1KQ\\\">https:\\\/\\\/www.youtube.com\\\/watch?v=uZjmRPPc1KQ<\\\/a><\\\/div>\\n<\\\/li>\\n\n\n<li>\\n\n\n<div><a class=\\\"moz-txt-link-freetext\\\" href=\\\"https:\\\/\\\/secardiologia.es\\\/component\\\/content\\\/article?id=8213:actualizacion-del-tratamiento-antidiabetico-en-paciente-cardiopata\\\">https:\\\/\\\/secardiologia.es\\\/component\\\/content\\\/article?id=8213:actualizacion-del-tratamiento-antidiabetico-en-paciente-cardiopata<\\\/a><\\\/div>\\n<\\\/li>\\n\n\n<li>\\n\n\n<div><a class=\\\"moz-txt-link-freetext\\\" href=\\\"https:\\\/\\\/secardiologia.es\\\/comunicacion\\\/la-sec-en-los-medios\\\/612-e-learning?start=70\\\">https:\\\/\\\/secardiologia.es\\\/comunicacion\\\/la-sec-en-los-medios\\\/612-e-learning?start=70<\\\/a><\\\/div>\\n<\\\/li>\\n<\\\/ul>\",\"text_style\":\"\",\"text_color\":\"\",\"text_size\":\"\",\"column\":\"\",\"position\":\"\",\"position_z_index\":\"\",\"maxwidth\":\"\",\"maxwidth_breakpoint\":\"\",\"block_align\":\"\",\"block_align_breakpoint\":\"\",\"block_align_fallback\":\"\",\"text_align\":\"\",\"text_align_breakpoint\":\"\",\"text_align_fallback\":\"\",\"animation\":\"\",\"visibility\":\"\"}}]},{\"type\":\"column\",\"props\":{\"widths\":[\"\"],\"image_position\":\"center-center\",\"media_overlay_gradient\":\"\",\"vertical_align\":\"\",\"style\":\"\",\"text_color\":\"\",\"padding\":\"\"},\"children\":[{\"name\":\"\",\"type\":\"text\",\"props\":{\"margin\":\"default\",\"column_breakpoint\":\"m\",\"content\":\"\n\n<ul>\\n\n\n<li>\\n\n\n<div><a class=\\\"moz-txt-link-freetext\\\" href=\\\"https:\\\/\\\/www.dailymotion.com\\\/video\\\/x5vm7iq\\\">https:\\\/\\\/www.dailymotion.com\\\/video\\\/x5vm7iq<\\\/a><\\\/div>\\n<\\\/li>\\n\n\n<li>\\n\n\n<div><a class=\\\"moz-txt-link-freetext\\\" href=\\\"https:\\\/\\\/secardiologia.es\\\/cientifico\\\/grupos-de-trabajo\\\/diabetes\\\/enlaces\\\/9117-cardioren-reunion-sindrome-cardiorenal\\\">https:\\\/\\\/secardiologia.es\\\/cientifico\\\/grupos-de-trabajo\\\/diabetes\\\/enlaces\\\/9117-cardioren-reunion-sindrome-cardiorenal<\\\/a><\\\/div>\\n<\\\/li>\\n\n\n<li>\\n\n\n<div><a class=\\\"moz-txt-link-freetext\\\" href=\\\"https:\\\/\\\/secardiologia.es\\\/multimedia\\\/cardiotv?start=200\\\">https:\\\/\\\/secardiologia.es\\\/multimedia\\\/cardiotv?start=200<\\\/a><\\\/div>\\n<\\\/li>\\n<\\\/ul>\",\"dropcap\":false,\"text_color\":\"\",\"text_style\":\"\",\"text_size\":\"\",\"column\":\"\",\"position\":\"\",\"position_z_index\":\"\",\"maxwidth\":\"\",\"maxwidth_breakpoint\":\"\",\"block_align\":\"\",\"block_align_breakpoint\":\"\",\"block_align_fallback\":\"\",\"text_align\":\"\",\"text_align_breakpoint\":\"\",\"text_align_fallback\":\"\",\"animation\":\"\",\"visibility\":\"\"}}]}]},{\"name\":\"\",\"type\":\"row\",\"props\":{\"fixed_width\":\"large\",\"breakpoint\":\"m\",\"layout\":\",\",\"gutter\":\"\",\"width\":\"\",\"width_expand\":\"\",\"height\":\"\",\"margin\":\"\",\"status\":\"\"},\"children\":[{\"name\":\"\",\"type\":\"column\",\"props\":{\"widths\":[\"\"],\"image_position\":\"center-center\",\"style\":\"primary\",\"media_overlay_gradient\":\"\"},\"children\":[{\"name\":\"\",\"type\":\"headline\",\"props\":{\"title_element\":\"h1\",\"content\":\"congresos y asociaciones\",\"title_style\":\"h6\",\"title_color\":\"\",\"title_decoration\":\"\",\"position\":\"\",\"position_z_index\":\"\",\"margin\":\"\",\"maxwidth\":\"\",\"maxwidth_breakpoint\":\"\",\"block_align\":\"\",\"block_align_breakpoint\":\"\",\"block_align_fallback\":\"\",\"text_align\":\"\",\"text_align_breakpoint\":\"\",\"text_align_fallback\":\"\",\"animation\":\"\",\"visibility\":\"\"}},{\"name\":\"\",\"type\":\"text\",\"props\":{\"margin\":\"default\",\"column_breakpoint\":\"m\",\"content\":\"\n\n<ul>\\n\n\n<li><a href=\\\"https:\\\/\\\/www.asn-online.org\\\/education\\\/kidneyweek\\\/archives\\\/future.aspx\\\">https:\\\/\\\/www.asn-online.org\\\/education\\\/kidneyweek\\\/archives\\\/future.aspx<\\\/a><\\\/li>\\n\n\n<li><a href=\\\"https:\\\/\\\/www.era-edta.org\\\/en\\\/virtualcongress2020\\\/\\\">https:\\\/\\\/www.era-edta.org\\\/en\\\/virtualcongress2020\\\/<\\\/a><\\\/li>\\n\n\n<li><a href=\\\"http:\\\/\\\/congresos.senefro.org\\\/congreso2020\\\/modules.php?name=webstructure&amp;idwebstructure=51\\\">http:\\\/\\\/congresos.senefro.org\\\/congreso2020\\\/modules.php?name=webstructure&amp;idwebstructure=51<\\\/a><\\\/li>\\n\n\n<li><a href=\\\"https:\\\/\\\/www.senefro.org\\\/modules.php?name=directorio&amp;idsection=5&amp;idsubsection=638&amp;mes=11&amp;ano=2020\\\">https:\\\/\\\/www.senefro.org\\\/modules.php?name=directorio&amp;idsection=5&amp;idsubsection=638&amp;mes=11&amp;ano=2020<\\\/a><\\\/li>\\n\n\n<li><a href=\\\"https:\\\/\\\/www.somane.org\\\/index.php\\\">https:\\\/\\\/www.somane.org\\\/index.php<\\\/a><\\\/li>\\n\n\n<li><a href=\\\"https:\\\/\\\/twitter.com\\\/SOMANEorg\\\">https:\\\/\\\/twitter.com\\\/SOMANEorg<\\\/a><\\\/li>\\n\n\n<li><a href=\\\"https:\\\/\\\/twitter.com\\\/NDTsocial\\\">https:\\\/\\\/twitter.com\\\/NDTsocial<\\\/a><\\\/li>\\n\n\n<li><a href=\\\"https:\\\/\\\/twitter.com\\\/Kidney_Int\\\">https:\\\/\\\/twitter.com\\\/Kidney_Int<\\\/a><\\\/li>\\n\n\n<li><a href=\\\"https:\\\/\\\/twitter.com\\\/ASNCommunities\\\">https:\\\/\\\/twitter.com\\\/ASNCommunities<\\\/a><\\\/li>\\n\n\n<li><a href=\\\"https:\\\/\\\/twitter.com\\\/JASN_News\\\">https:\\\/\\\/twitter.com\\\/JASN_News<\\\/a><\\\/li>\\n\n\n<li><a href=\\\"https:\\\/\\\/twitter.com\\\/EMJNephrology\\\">https:\\\/\\\/twitter.com\\\/EMJNephrology<\\\/a><\\\/li>\\n\n\n<li><a href=\\\"https:\\\/\\\/twitter.com\\\/ASNKidney\\\">https:\\\/\\\/twitter.com\\\/ASNKidney<\\\/a><\\\/li>\\n\n\n<li><a href=\\\"https:\\\/\\\/twitter.com\\\/NatRevNeph\\\">https:\\\/\\\/twitter.com\\\/NatRevNeph<\\\/a><\\\/li>\\n\n\n<li><a href=\\\"https:\\\/\\\/twitter.com\\\/Nephronline\\\">https:\\\/\\\/twitter.com\\\/Nephronline<\\\/a><\\\/li>\\n\n\n<li><a href=\\\"https:\\\/\\\/twitter.com\\\/ERAEDTA\\\">https:\\\/\\\/twitter.com\\\/ERAEDTA<\\\/a><\\\/li>\\n\n\n<li><a href=\\\"https:\\\/\\\/twitter.com\\\/goKDIGO\\\">https:\\\/\\\/twitter.com\\\/goKDIGO<\\\/a><\\\/li>\\n\n\n<li><a href=\\\"https:\\\/\\\/twitter.com\\\/SENefrologia\\\">https:\\\/\\\/twitter.com\\\/SENefrologia<\\\/a><\\\/li>\\n\n\n<li><a href=\\\"https:\\\/\\\/www.revistanefrologia.com\\\/es-guia-sociedad-espanola-nefrologia-sobre-articulo-X0211699506019150\\\">https:\\\/\\\/www.revistanefrologia.com\\\/es-guia-sociedad-espanola-nefrologia-sobre-articulo-X0211699506019150<\\\/a><\\\/li>\\n\n\n<li><a href=\\\"https:\\\/\\\/t.co\\\/WnugLlhyjH?amp=1\\\">https:\\\/\\\/t.co\\\/WnugLlhyjH?amp=1<\\\/a> SAVE THE DATE! Jueves 4 de junio, 17.00h. CEST Downwards arrow Webinar COVID19 y Ri\\u00f1\\u00f3n: un recorrido por el da\\u00f1o vascular, el ri\\u00f1\\u00f3n y la COVID19<\\\/li>\\n\n\n<li>Reuni\\u00f3n Anual de la Sociedad Madrile\\u00f1a de Nefrolog\\u00eda por una reuni\\u00f3n on-line dedica al coronavirus. Se celebrar\\u00eda el jueves 18 de junio por la tarde <a href=\\\"https:\\\/\\\/t.co\\\/DuhovFvrks?amp=1\\\">https:\\\/\\\/t.co\\\/DuhovFvrks?amp=1<\\\/a><\\\/li>\\n<\\\/ul>\",\"text_style\":\"\",\"text_color\":\"\",\"text_size\":\"\",\"column\":\"\",\"position\":\"\",\"position_z_index\":\"\",\"maxwidth\":\"\",\"maxwidth_breakpoint\":\"\",\"block_align\":\"\",\"block_align_breakpoint\":\"\",\"block_align_fallback\":\"\",\"text_align\":\"\",\"text_align_breakpoint\":\"\",\"text_align_fallback\":\"\",\"animation\":\"\",\"visibility\":\"\"}}]},{\"name\":\"\",\"type\":\"column\",\"props\":{\"widths\":[\"\"],\"image_position\":\"center-center\",\"style\":\"muted\",\"media_overlay_gradient\":\"\"},\"children\":[{\"name\":\"\",\"type\":\"headline\",\"props\":{\"title_element\":\"h6\",\"content\":\"\n\n<p>CANALES Y CHARLAS. NOTICIAS<\\\/p>\",\"title_style\":\"\",\"title_decoration\":\"\",\"title_color\":\"\",\"position\":\"\",\"position_z_index\":\"\",\"margin\":\"\",\"maxwidth\":\"\",\"maxwidth_breakpoint\":\"\",\"block_align\":\"\",\"block_align_breakpoint\":\"\",\"block_align_fallback\":\"\",\"text_align\":\"\",\"text_align_breakpoint\":\"\",\"text_align_fallback\":\"\",\"animation\":\"\",\"visibility\":\"\"}},{\"name\":\"\",\"type\":\"text\",\"props\":{\"margin\":\"default\",\"column_breakpoint\":\"m\",\"content\":\"\n\n<ul>\\n\n\n<li><a href=\\\"https:\\\/\\\/www.redaccionmedica.com\\\/secciones\\\/medicina\\\/coronavirus-muerte-covid-19-nefrologo-gregorio-maranon-alberto-tejedor-6290\\\">https:\\\/\\\/www.redaccionmedica.com\\\/secciones\\\/medicina\\\/coronavirus-muerte-covid-19-nefrologo-gregorio-maranon-alberto-tejedor-6290<\\\/a><\\\/li>\\n\n\n<li><a href=\\\"https:\\\/\\\/www.comunidad.madrid\\\/noticias\\\/2020\\\/05\\\/21\\\/hospital-gregorio-maranon-despide-doctor-alberto-tejedor-fallecido-covid\\\">https:\\\/\\\/www.comunidad.madrid\\\/noticias\\\/2020\\\/05\\\/21\\\/hospital-gregorio-maranon-despide-doctor-alberto-tejedor-fallecido-covid<\\\/a><\\\/li>\\n\n\n<li><a href=\\\"https:\\\/\\\/www.youtube.com\\\/watch?v=Qc4c7xzwzXI\\\">https:\\\/\\\/www.youtube.com\\\/watch?v=Qc4c7xzwzXI<\\\/a> Homenaje en el Gregorio Mara\\u00f1\\u00f3n al m\\u00e9dico fallecido<\\\/li>\\n\n\n<li><a href=\\\"https:\\\/\\\/www.youtube.com\\\/watch?v=w2mIGefWUxM&amp;t=11s\\\">https:\\\/\\\/www.youtucom\\\/watch?v=w2mIGefWUxM&amp;t=11s<\\\/a> Hasta siempre el Gregorio Mara\\u00f1\\u00f3n homenajea al doctor Alberto Tejedor, fallecido por coronavirus<\\\/li>\\n<\\\/ul>\\n\n\n<p>\\u00a0<\\\/p>\",\"dropcap\":false,\"text_color\":\"\",\"text_style\":\"\",\"text_size\":\"\",\"column\":\"\",\"position\":\"\",\"position_z_index\":\"\",\"maxwidth\":\"\",\"maxwidth_breakpoint\":\"\",\"block_align\":\"\",\"block_align_breakpoint\":\"\",\"block_align_fallback\":\"\",\"text_align\":\"\",\"text_align_breakpoint\":\"\",\"text_align_fallback\":\"\",\"animation\":\"\",\"visibility\":\"\"}}]}]},{\"name\":\"\",\"type\":\"row\",\"props\":{\"fixed_width\":\"large\",\"breakpoint\":\"m\",\"layout\":\",\",\"gutter\":\"\",\"width\":\"\",\"width_expand\":\"\",\"height\":\"\",\"margin\":\"\",\"status\":\"disabled\"},\"children\":[{\"name\":\"\",\"type\":\"column\",\"props\":{\"widths\":[\"\"],\"image_position\":\"center-center\",\"style\":\"muted\",\"media_overlay_gradient\":\"\"},\"children\":[{\"name\":\"\",\"type\":\"headline\",\"props\":{\"title_element\":\"h6\",\"content\":\"\",\"title_style\":\"\",\"title_decoration\":\"\",\"title_color\":\"\",\"position\":\"\",\"position_z_index\":\"\",\"margin\":\"\",\"maxwidth\":\"\",\"maxwidth_breakpoint\":\"\",\"block_align\":\"\",\"block_align_breakpoint\":\"\",\"block_align_fallback\":\"\",\"text_align\":\"\",\"text_align_breakpoint\":\"\",\"text_align_fallback\":\"\",\"animation\":\"\",\"visibility\":\"\"}},{\"name\":\"\",\"type\":\"text\",\"props\":{\"margin\":\"default\",\"column_breakpoint\":\"m\",\"content\":\"\",\"dropcap\":false,\"text_color\":\"\",\"text_style\":\"\",\"text_size\":\"\",\"column\":\"\",\"position\":\"\",\"position_z_index\":\"\",\"maxwidth\":\"\",\"maxwidth_breakpoint\":\"\",\"block_align\":\"\",\"block_align_breakpoint\":\"\",\"block_align_fallback\":\"\",\"text_align\":\"\",\"text_align_breakpoint\":\"\",\"text_align_fallback\":\"\",\"animation\":\"\",\"visibility\":\"\"}}]},{\"name\":\"\",\"type\":\"column\",\"props\":{\"widths\":[\"\"],\"image_position\":\"center-center\",\"style\":\"primary\",\"media_overlay_gradient\":\"\"},\"children\":[{\"name\":\"\",\"type\":\"headline\",\"props\":{\"title_element\":\"h6\",\"content\":\"\",\"title_style\":\"\",\"title_decoration\":\"\",\"title_color\":\"\",\"position\":\"\",\"position_z_index\":\"\",\"margin\":\"\",\"maxwidth\":\"\",\"maxwidth_breakpoint\":\"\",\"block_align\":\"\",\"block_align_breakpoint\":\"\",\"block_align_fallback\":\"\",\"text_align\":\"\",\"text_align_breakpoint\":\"\",\"text_align_fallback\":\"\",\"animation\":\"\",\"visibility\":\"\"}},{\"name\":\"\",\"type\":\"text\",\"props\":{\"margin\":\"default\",\"column_breakpoint\":\"m\",\"content\":\"\",\"dropcap\":false,\"text_color\":\"\",\"text_style\":\"\",\"text_size\":\"\",\"column\":\"\",\"position\":\"\",\"position_z_index\":\"\",\"maxwidth\":\"\",\"maxwidth_breakpoint\":\"\",\"block_align\":\"\",\"block_align_breakpoint\":\"\",\"block_align_fallback\":\"\",\"text_align\":\"\",\"text_align_breakpoint\":\"\",\"text_align_fallback\":\"\",\"animation\":\"\",\"visibility\":\"\"}}]}]}]}],\"version\":\"1.20.3\",\"props\":[]} --><\/p>\n","protected":false},"excerpt":{"rendered":"<p>DIFUSI\u00d3N: EVENTOS, NOTICIAS, VIDEOS Y BLOGS noticias y eventos KIDNEY WEEK THE WORLD&#8217;S PREMIER NEPHROLOGY MEETING Master online en Patolog\u00eda Renal. Edici\u00f3n V. 2020 &#8211; 2021 Ayuda Fundaci\u00f3n Madrile\u00f1a de Nefrolog\u00eda 2020 GRUPO GLOSEN\/CLUB DE NEFROPATOLOG\u00cdA-A\u00d1O 2020 VIRTUAL WEBINAR COVID-19 Y RI\u00d1\u00d3N de la SOCIEDAD ESPA\u00d1OLA de NEFROLOG\u00cdA Inscripci\u00f3n al seminario web &#8211; Tema CICLO [&hellip;]<\/p>\n","protected":false},"author":2,"featured_media":0,"parent":0,"menu_order":0,"comment_status":"closed","ping_status":"closed","template":"","meta":{"footnotes":""},"class_list":["post-584","page","type-page","status-publish","hentry"],"_links":{"self":[{"href":"https:\/\/cifra2-cm.com\/index.php\/wp-json\/wp\/v2\/pages\/584","targetHints":{"allow":["GET"]}}],"collection":[{"href":"https:\/\/cifra2-cm.com\/index.php\/wp-json\/wp\/v2\/pages"}],"about":[{"href":"https:\/\/cifra2-cm.com\/index.php\/wp-json\/wp\/v2\/types\/page"}],"author":[{"embeddable":true,"href":"https:\/\/cifra2-cm.com\/index.php\/wp-json\/wp\/v2\/users\/2"}],"replies":[{"embeddable":true,"href":"https:\/\/cifra2-cm.com\/index.php\/wp-json\/wp\/v2\/comments?post=584"}],"version-history":[{"count":32,"href":"https:\/\/cifra2-cm.com\/index.php\/wp-json\/wp\/v2\/pages\/584\/revisions"}],"predecessor-version":[{"id":651,"href":"https:\/\/cifra2-cm.com\/index.php\/wp-json\/wp\/v2\/pages\/584\/revisions\/651"}],"wp:attachment":[{"href":"https:\/\/cifra2-cm.com\/index.php\/wp-json\/wp\/v2\/media?parent=584"}],"curies":[{"name":"wp","href":"https:\/\/api.w.org\/{rel}","templated":true}]}}