{"id":718,"date":"2023-07-05T09:06:18","date_gmt":"2023-07-05T09:06:18","guid":{"rendered":"https:\/\/cifra2-cm.com\/?page_id=718"},"modified":"2023-07-05T09:29:58","modified_gmt":"2023-07-05T09:29:58","slug":"hospital-12-de-octubre","status":"publish","type":"page","link":"https:\/\/cifra2-cm.com\/index.php\/hospital-12-de-octubre\/","title":{"rendered":"Hospital 12 de Octubre"},"content":{"rendered":"<h1>Equipo Hospital 12 de Octubre<\/h1>\n<ul>\n<li>\n<p>        <img decoding=\"async\" src=\"\/wp-content\/uploads\/2023\/07\/fotoGemaRuizSOLA-scaled.jpg\" alt=\"\"><\/p>\n<h3>Gema Ruiz<\/h3>\n<\/li>\n<li>\n<p>        <img decoding=\"async\" src=\"\/wp-content\/uploads\/2023\/07\/julian-segura.jpg\" alt=\"\"><\/p>\n<h3>Julian Segura<\/h3>\n<\/li>\n<li>\n<p>        <img decoding=\"async\" src=\"\/wp-content\/uploads\/2023\/07\/FotoGrupoH12O.jpg\" alt=\"\"><\/p>\n<h3>Foto de Grupo<\/h3>\n<\/li>\n<\/ul>\n<h1>Informaci\u00f3n del Grupo<\/h1>\n<h1>Dr. Juli\u00e1n Segura<\/h1>\n<div>\n<p><em><strong>Jefe de la Unidad de Hipertensi\u00f3n Arterial. Servicio de Nefrolog\u00eda.<\/strong><\/em><br \/><em><strong>Hospital Universitario 12 de Octubre.<\/strong><\/em><br \/><em><strong>Madrid<\/strong><\/em><\/p>\n<p>M\u00e9dico Especialista en Nefrolog\u00eda en el <em>Hospital Universitario 12 de Octubre<\/em>. Doctor en Medicina y Cirug\u00eda por la Universidad de Alcal\u00e1, Madrid. Diploma of Clinical Hypertension Specialist avalado por la Sociedad Europea de Hipertensi\u00f3n.<\/p>\n<p>Trabaja en el Hospital Universitario 12 de Octubre, Servicio de Nefrolog\u00eda, como Jefe de la <em>Unidad de Hipertensi\u00f3n Arterial<\/em>.<\/p>\n<p>Ha publicado m\u00e1s de <em>180 trabajos<\/em> en revistas nacionales e internacionales y <em>35 cap\u00edtulos<\/em> de libros sobre Hipertensi\u00f3n arterial y lesi\u00f3n renal, s\u00edndrome metab\u00f3lico, monitorizaci\u00f3n ambulatoria de la presi\u00f3n arterial, efecto protector de la inhibici\u00f3n del sistema renina-angiotensina y tratamiento antihipertensivo. Es autor de m\u00e1s de <em>450 comunicaciones<\/em> a congresos nacionales e internacionales. Asimismo, ha participado en la redacci\u00f3n de numerosas gu\u00edas de manejo cl\u00ednico, en colaboraci\u00f3n con la <strong><em>Sociedad Espa\u00f1ola de Hipertensi\u00f3n<\/em><\/strong>, la <strong><em>Sociedad Espa\u00f1ola de Nefrolog\u00eda<\/em><\/strong> y el <strong><em>Ministerio de Sanidad.<\/em><\/strong> Ha impartido m\u00e1s de <em>200 ponencias<\/em> en reuniones cient\u00edficas de \u00e1mbito nacional e internacional. Ha sido Editor Ejecutivo de la revista Hipertensi\u00f3n entre 2004 y 2011. Entre 2008 y 2010 ha sido miembro del <em><strong>Comit\u00e9 editorial de Journal of Hypertension.<\/strong><\/em><\/p>\n<p>Ha sido Miembro de la junta directiva de la <strong>Sociedad Madrile\u00f1a de Hipertensi\u00f3n<\/strong> desde 2005 hasta 2015. Es miembro de la <em><strong>Sociedad Madrile\u00f1a de Hipertensi\u00f3n<\/strong><\/em>, la <strong><em>Sociedad Espa\u00f1ola de Nefrolog\u00eda<\/em><\/strong>, la <strong><em>Sociedad Europea de Hipertensi\u00f3n<\/em><\/strong>, la <strong><em>Sociedad Internacional de Hipertensi\u00f3n y la Sociedad Internacional de Nefrolog\u00eda<\/em><\/strong>.<br \/>En el periodo 2015-2019 ha sido Presidente de la <em>Sociedad Espa\u00f1ola de Hipertensi\u00f3n<\/em> \u2013 Liga Espa\u00f1ola para la <em>Lucha contra la Hipertensi\u00f3n Arterial<\/em>.<\/p>\n<\/div>\n<h1>Dra. Gema Ruiz-Hurtado<\/h1>\n<div>\n<p><strong><em>Responsable del Grupo de Investigaci\u00f3n Traslacional en Hipertensi\u00f3n y Enfermedad Cardiorrenal y del Laboratorio Traslacional Cardiorrenal<\/em><\/strong><br \/><strong><em>IIS Imas12\/Hospital Universitario 12 de Octubre<\/em><\/strong><\/p>\n<p>Licenciada en Bioqu\u00edmica y Doctora en <em>Farmacolog\u00eda y Terap\u00e9utica Humana<\/em> por la Universidad Complutense de Madrid.<\/p>\n<p>Desde el a\u00f1o 2012 trabaja como investigadora experimental traslacional en la <strong><em>Unidad de Hipertensi\u00f3n<\/em><\/strong>, y desde el a\u00f1o 2020 lidera el <strong><em>Grupo de Investigaci\u00f3n Traslacional en Hipertensi\u00f3n y Enfermedad Cardiorrenal<\/em> <\/strong>dentro del \u00c1rea 5: Cardiovascular del <em><strong>Imas12<\/strong><\/em>, adem\u00e1s del <strong><em>Laboratorio Traslacional Cardiovascular<\/em><\/strong> asociado (ver: <a href=\"https:\/\/cardiorenallab.wixsite.com\/ruizhurtado\">https:\/\/cardiorenallab.wixsite.com\/ruizhurtado<\/a>). La Dra. Gema Ruiz-Hurtado es especialista en el <em>estudio celular funcional<\/em> <em>y molecular de los procesos que gobiernan la contractilidad cardiaca<\/em>, y en los \u00faltimos a\u00f1os se ha especializado en tales procesos pero cuando estos son consecuencia de un da\u00f1o renal, siendo un laboratorio de referencia en el estudio experimental de la enfermedad cardiorrenal.<\/p>\n<p>Ha publicado m\u00e1s de <em>130 art\u00edculos<\/em> cient\u00edficos en revistas nacionales y sobre todo internacionales, siendo algunas de ellas las m\u00e1s destacadas en el \u00e1rea de cardiovascular y renal <em>(Kidney Internacional, Cardiovascular Research, Hypertension, European Heart Journal, Nature Reviews Cardiology, Diabetes Care, Nephrology Dialysis &amp; Transplantation, etc), as\u00ed como de \u00e1mbito generalista y\/o translacional (Lancet, Translational Research, Journal of Pathology, BMC Medicine, etc)<\/em>. Es autor de m\u00e1s de 1<em>00 comunicaciones<\/em> a congresos nacionales e internacionales incluyendo ponencias relevantes invitadas. Es miembro de la <strong><em>Sociedad Espa\u00f1ola de Cardiolog\u00eda<\/em><\/strong>, <em><strong>Sociedad Espa\u00f1ola de Nefrolog\u00eda<\/strong><\/em>, <strong><em>Sociedad Espa\u00f1ola de Hipertensi\u00f3n<\/em><\/strong>, Miembro del <em><strong>Interntional Society of Hypertension<\/strong> <\/em>o del <strong><em>European Working Group on Cardiac Cellular Electrophysiology<\/em><\/strong> del <em>European Society of Cardiology<\/em>. Es revisor habitual de un amplio n\u00famero de revistas del \u00e1mbito de la cardiolog\u00eda y la nefrolog\u00eda as\u00ed como evaluador y auditor de las <em>Agencias Nacionales de Investigaci\u00f3n.<\/em> <\/p>\n<\/div>\n<p><!--more--><br \/>\n<!-- {\"type\":\"layout\",\"children\":[{\"name\":\"GrupoLisardo\",\"type\":\"section\",\"props\":{\"style\":\"primary\",\"width\":\"default\",\"vertical_align\":\"middle\",\"title_position\":\"top-left\",\"title_rotation\":\"left\",\"title_breakpoint\":\"xl\",\"image_position\":\"center-center\"},\"children\":[{\"name\":\"\",\"type\":\"row\",\"children\":[{\"name\":\"\",\"type\":\"column\",\"props\":{\"image_position\":\"center-center\",\"media_overlay_gradient\":\"\",\"width_medium\":\"1-1\",\"position_sticky_breakpoint\":\"m\"},\"children\":[{\"name\":\"\",\"type\":\"headline\",\"props\":{\"title_element\":\"h1\",\"content\":\"Equipo Hospital 12 de Octubre\",\"title_style\":\"h4\",\"title_decoration\":\"bullet\",\"title_color\":\"danger\"}}]}]}]},{\"type\":\"section\",\"props\":{\"style\":\"default\",\"width\":\"default\",\"vertical_align\":\"middle\",\"title_position\":\"top-left\",\"title_rotation\":\"left\",\"title_breakpoint\":\"xl\",\"image_position\":\"center-center\"},\"children\":[{\"type\":\"row\",\"children\":[{\"type\":\"column\",\"props\":{\"position_sticky_breakpoint\":\"m\",\"image_position\":\"center-center\",\"media_overlay_gradient\":\"\"},\"children\":[{\"type\":\"gallery\",\"props\":{\"show_title\":true,\"show_meta\":true,\"show_content\":true,\"show_link\":true,\"show_hover_image\":true,\"grid_default\":\"1\",\"grid_medium\":\"3\",\"filter_style\":\"tab\",\"filter_all\":true,\"filter_position\":\"top\",\"filter_align\":\"left\",\"filter_grid_width\":\"auto\",\"filter_grid_breakpoint\":\"m\",\"overlay_mode\":\"cover\",\"overlay_hover\":true,\"overlay_style\":\"overlay-primary\",\"text_color\":\"light\",\"overlay_position\":\"center\",\"overlay_transition\":\"fade\",\"title_hover_style\":\"reset\",\"title_element\":\"h3\",\"meta_style\":\"meta\",\"meta_align\":\"below-title\",\"meta_element\":\"div\",\"link_text\":\"Read more\",\"link_style\":\"default\",\"text_align\":\"center\",\"margin\":\"default\",\"item_animation\":true},\"children\":[{\"type\":\"gallery_item\",\"props\":{\"image\":\"wp-content\\\/uploads\\\/2023\\\/07\\\/fotoGemaRuizSOLA-scaled.jpg\",\"title\":\"Gema Ruiz\"}},{\"type\":\"gallery_item\",\"props\":{\"image\":\"wp-content\\\/uploads\\\/2023\\\/07\\\/julian-segura.jpg\",\"title\":\"Julian Segura\"}},{\"type\":\"gallery_item\",\"props\":{\"image\":\"wp-content\\\/uploads\\\/2023\\\/07\\\/FotoGrupoH12O.jpg\",\"title\":\"Foto de Grupo\"}}]}]}]}]},{\"name\":\"InformacionGrupoH12O\",\"type\":\"section\",\"props\":{\"style\":\"primary\",\"width\":\"default\",\"vertical_align\":\"middle\",\"title_position\":\"top-left\",\"title_rotation\":\"left\",\"title_breakpoint\":\"xl\",\"image_position\":\"center-center\"},\"children\":[{\"name\":\"\",\"type\":\"row\",\"children\":[{\"name\":\"\",\"type\":\"column\",\"props\":{\"image_position\":\"center-center\",\"media_overlay_gradient\":\"\",\"width_medium\":\"1-1\",\"position_sticky_breakpoint\":\"m\"},\"children\":[{\"name\":\"\",\"type\":\"headline\",\"props\":{\"title_element\":\"h1\",\"content\":\"Informaci\\u00f3n del Grupo\",\"title_style\":\"h4\",\"title_decoration\":\"bullet\",\"title_color\":\"danger\"}}]}]},{\"type\":\"row\",\"children\":[{\"type\":\"column\",\"props\":{\"position_sticky_breakpoint\":\"m\",\"image_position\":\"center-center\",\"media_overlay_gradient\":\"\"},\"children\":[{\"name\":\"\",\"type\":\"headline\",\"props\":{\"title_element\":\"h1\",\"content\":\"Dr. Juli\\u00e1n Segura\",\"title_style\":\"h4\",\"title_decoration\":\"line\",\"title_color\":\"danger\"}},{\"name\":\"\",\"type\":\"text\",\"props\":{\"margin\":\"default\",\"column_breakpoint\":\"m\",\"content\":\"\n\n<p><em><strong>Jefe de la Unidad de Hipertensi\\u00f3n Arterial. Servicio de Nefrolog\\u00eda.<\\\/strong><\\\/em><br \\\/><em><strong>Hospital Universitario 12 de Octubre.<\\\/strong><\\\/em><br \\\/><em><strong>Madrid<\\\/strong><\\\/em><\\\/p>\\n\n\n<p>M\\u00e9dico Especialista en Nefrolog\\u00eda en el <em>Hospital Universitario 12 de Octubre<\\\/em>. Doctor en Medicina y Cirug\\u00eda por la Universidad de Alcal\\u00e1, Madrid. Diploma of Clinical Hypertension Specialist avalado por la Sociedad Europea de Hipertensi\\u00f3n.<\\\/p>\\n\n\n<p>Trabaja en el Hospital Universitario 12 de Octubre, Servicio de Nefrolog\\u00eda, como Jefe de la <em>Unidad de Hipertensi\\u00f3n Arterial<\\\/em>.<\\\/p>\\n\n\n<p>Ha publicado m\\u00e1s de <em>180 trabajos<\\\/em> en revistas nacionales e internacionales y <em>35 cap\\u00edtulos<\\\/em> de libros sobre Hipertensi\\u00f3n arterial y lesi\\u00f3n renal, s\\u00edndrome metab\\u00f3lico, monitorizaci\\u00f3n ambulatoria de la presi\\u00f3n arterial, efecto protector de la inhibici\\u00f3n del sistema renina-angiotensina y tratamiento antihipertensivo. Es autor de m\\u00e1s de <em>450 comunicaciones<\\\/em> a congresos nacionales e internacionales. Asimismo, ha participado en la redacci\\u00f3n de numerosas gu\\u00edas de manejo cl\\u00ednico, en colaboraci\\u00f3n con la <strong><em>Sociedad Espa\\u00f1ola de Hipertensi\\u00f3n<\\\/em><\\\/strong>, la <strong><em>Sociedad Espa\\u00f1ola de Nefrolog\\u00eda<\\\/em><\\\/strong> y el <strong><em>Ministerio de Sanidad.<\\\/em><\\\/strong> Ha impartido m\\u00e1s de <em>200 ponencias<\\\/em> en reuniones cient\\u00edficas de \\u00e1mbito nacional e internacional. Ha sido Editor Ejecutivo de la revista Hipertensi\\u00f3n entre 2004 y 2011. Entre 2008 y 2010 ha sido miembro del <em><strong>Comit\\u00e9 editorial de Journal of Hypertension.<\\\/strong><\\\/em><\\\/p>\\n\n\n<p>Ha sido Miembro de la junta directiva de la <strong>Sociedad Madrile\\u00f1a de Hipertensi\\u00f3n<\\\/strong> desde 2005 hasta 2015. Es miembro de la <em><strong>Sociedad Madrile\\u00f1a de Hipertensi\\u00f3n<\\\/strong><\\\/em>, la <strong><em>Sociedad Espa\\u00f1ola de Nefrolog\\u00eda<\\\/em><\\\/strong>, la <strong><em>Sociedad Europea de Hipertensi\\u00f3n<\\\/em><\\\/strong>, la <strong><em>Sociedad Internacional de Hipertensi\\u00f3n y la Sociedad Internacional de Nefrolog\\u00eda<\\\/em><\\\/strong>.<br \\\/>En el periodo 2015-2019 ha sido Presidente de la <em>Sociedad Espa\\u00f1ola de Hipertensi\\u00f3n<\\\/em> \\u2013 Liga Espa\\u00f1ola para la <em>Lucha contra la Hipertensi\\u00f3n Arterial<\\\/em>.<\\\/p>\"}}]}]},{\"type\":\"row\",\"children\":[{\"type\":\"column\",\"props\":{\"position_sticky_breakpoint\":\"m\",\"image_position\":\"center-center\",\"media_overlay_gradient\":\"\"},\"children\":[{\"name\":\"\",\"type\":\"headline\",\"props\":{\"title_element\":\"h1\",\"content\":\"Dra. Gema Ruiz-Hurtado\",\"title_style\":\"h4\",\"title_decoration\":\"line\",\"title_color\":\"danger\"}},{\"name\":\"\",\"type\":\"text\",\"props\":{\"margin\":\"default\",\"column_breakpoint\":\"m\",\"content\":\"\n\n<p><strong><em>Responsable del Grupo de Investigaci\\u00f3n Traslacional en Hipertensi\\u00f3n y Enfermedad Cardiorrenal y del Laboratorio Traslacional Cardiorrenal<\\\/em><\\\/strong><br \\\/><strong><em>IIS Imas12\\\/Hospital Universitario 12 de Octubre<\\\/em><\\\/strong><\\\/p>\\n\n\n<p>Licenciada en Bioqu\\u00edmica y Doctora en <em>Farmacolog\\u00eda y Terap\\u00e9utica Humana<\\\/em> por la Universidad Complutense de Madrid.<\\\/p>\\n\n\n<p>Desde el a\\u00f1o 2012 trabaja como investigadora experimental traslacional en la <strong><em>Unidad de Hipertensi\\u00f3n<\\\/em><\\\/strong>, y desde el a\\u00f1o 2020 lidera el <strong><em>Grupo de Investigaci\\u00f3n Traslacional en Hipertensi\\u00f3n y Enfermedad Cardiorrenal<\\\/em> <\\\/strong>dentro del \\u00c1rea 5: Cardiovascular del <em><strong>Imas12<\\\/strong><\\\/em>, adem\\u00e1s del <strong><em>Laboratorio Traslacional Cardiovascular<\\\/em><\\\/strong> asociado (ver: <a href=\\\"https:\\\/\\\/cardiorenallab.wixsite.com\\\/ruizhurtado\\\">https:\\\/\\\/cardiorenallab.wixsite.com\\\/ruizhurtado<\\\/a>). La Dra. Gema Ruiz-Hurtado es especialista en el <em>estudio celular funcional<\\\/em> <em>y molecular de los procesos que gobiernan la contractilidad cardiaca<\\\/em>, y en los \\u00faltimos a\\u00f1os se ha especializado en tales procesos pero cuando estos son consecuencia de un da\\u00f1o renal, siendo un laboratorio de referencia en el estudio experimental de la enfermedad cardiorrenal.<\\\/p>\\n\n\n<p>Ha publicado m\\u00e1s de <em>130 art\\u00edculos<\\\/em> cient\\u00edficos en revistas nacionales y sobre todo internacionales, siendo algunas de ellas las m\\u00e1s destacadas en el \\u00e1rea de cardiovascular y renal <em>(Kidney Internacional, Cardiovascular Research, Hypertension, European Heart Journal, Nature Reviews Cardiology, Diabetes Care, Nephrology Dialysis &amp; Transplantation, etc), as\\u00ed como de \\u00e1mbito generalista y\\\/o translacional (Lancet, Translational Research, Journal of Pathology, BMC Medicine, etc)<\\\/em>. Es autor de m\\u00e1s de 1<em>00 comunicaciones<\\\/em> a congresos nacionales e internacionales incluyendo ponencias relevantes invitadas. Es miembro de la <strong><em>Sociedad Espa\\u00f1ola de Cardiolog\\u00eda<\\\/em><\\\/strong>, <em><strong>Sociedad Espa\\u00f1ola de Nefrolog\\u00eda<\\\/strong><\\\/em>, <strong><em>Sociedad Espa\\u00f1ola de Hipertensi\\u00f3n<\\\/em><\\\/strong>, Miembro del <em><strong>Interntional Society of Hypertension<\\\/strong> <\\\/em>o del <strong><em>European Working Group on Cardiac Cellular Electrophysiology<\\\/em><\\\/strong> del <em>European Society of Cardiology<\\\/em>. Es revisor habitual de un amplio n\\u00famero de revistas del \\u00e1mbito de la cardiolog\\u00eda y la nefrolog\\u00eda as\\u00ed como evaluador y auditor de las <em>Agencias Nacionales de Investigaci\\u00f3n.<\\\/em> <\\\/p>\"}}]}]}]}],\"version\":\"2.7.22\"} --><\/p>\n","protected":false},"excerpt":{"rendered":"<p>Equipo Hospital 12 de Octubre Gema Ruiz Julian Segura Foto de Grupo Informaci\u00f3n del Grupo Dr. Juli\u00e1n Segura Jefe de la Unidad de Hipertensi\u00f3n Arterial. Servicio de Nefrolog\u00eda.Hospital Universitario 12 de Octubre.Madrid M\u00e9dico Especialista en Nefrolog\u00eda en el Hospital Universitario 12 de Octubre. Doctor en Medicina y Cirug\u00eda por la Universidad de Alcal\u00e1, Madrid. Diploma [&hellip;]<\/p>\n","protected":false},"author":2,"featured_media":0,"parent":0,"menu_order":0,"comment_status":"closed","ping_status":"closed","template":"","meta":{"footnotes":""},"class_list":["post-718","page","type-page","status-publish","hentry"],"_links":{"self":[{"href":"https:\/\/cifra2-cm.com\/index.php\/wp-json\/wp\/v2\/pages\/718","targetHints":{"allow":["GET"]}}],"collection":[{"href":"https:\/\/cifra2-cm.com\/index.php\/wp-json\/wp\/v2\/pages"}],"about":[{"href":"https:\/\/cifra2-cm.com\/index.php\/wp-json\/wp\/v2\/types\/page"}],"author":[{"embeddable":true,"href":"https:\/\/cifra2-cm.com\/index.php\/wp-json\/wp\/v2\/users\/2"}],"replies":[{"embeddable":true,"href":"https:\/\/cifra2-cm.com\/index.php\/wp-json\/wp\/v2\/comments?post=718"}],"version-history":[{"count":8,"href":"https:\/\/cifra2-cm.com\/index.php\/wp-json\/wp\/v2\/pages\/718\/revisions"}],"predecessor-version":[{"id":734,"href":"https:\/\/cifra2-cm.com\/index.php\/wp-json\/wp\/v2\/pages\/718\/revisions\/734"}],"wp:attachment":[{"href":"https:\/\/cifra2-cm.com\/index.php\/wp-json\/wp\/v2\/media?parent=718"}],"curies":[{"name":"wp","href":"https:\/\/api.w.org\/{rel}","templated":true}]}}