{"id":9,"date":"2018-07-26T12:22:59","date_gmt":"2018-07-26T12:22:59","guid":{"rendered":"https:\/\/cifra2-cm.com\/?page_id=9"},"modified":"2018-07-30T13:26:26","modified_gmt":"2018-07-30T13:26:26","slug":"biobanco","status":"publish","type":"page","link":"https:\/\/cifra2-cm.com\/index.php\/biobanco\/","title":{"rendered":"BioBanco"},"content":{"rendered":"<p>Biobanco del Hospital Ram\u00f3n y Cajal<\/p>\n<p>El BIOBANCO del Hospital Ram\u00f3n y Cajal es una plataforma, sin \u00e1nimo de lucro, de apoyo t\u00e9cnico a la investigaci\u00f3n en el \u00e1mbito sanitario. Est\u00e1 integrado en el Instituto Ram\u00f3n y Cajal de Investigaci\u00f3n Sanitaria (IRYCIS), del Hospital Universitario Ram\u00f3n y Cajal. El Biobanco acoge colecciones de muestras biol\u00f3gicas con fines de investigaci\u00f3n biom\u00e9dica.<br \/>\nEl almacenamiento de muestras biol\u00f3gicas y la informaci\u00f3n asociada para su futuro uso en investigaci\u00f3n biom\u00e9dica es un instrumento b\u00e1sico de alto valor estrat\u00e9gico para las instituciones sanitarias asistenciales del Sistema Nacional de Salud.<br \/>\nLa investigaci\u00f3n en biobancos mejora el conocimiento, la prevenci\u00f3n y la atenci\u00f3n de las enfermedades; en tal sentido, es beneficiosa no solo para investigadores y sujetos fuente sino para el conjunto de la sociedad. Los biobancos son una de las herramientas \u00abm\u00e1s importantes\u00bb tanto para la investigaci\u00f3n b\u00e1sica como para la investigaci\u00f3n cl\u00ednica. La existencia de biobancos favorece el intercambio de materiales biol\u00f3gicos.<br \/>\nEl Biobanco nace con una voluntad de servicio y cooperaci\u00f3n con los investigadores que necesiten una infraestructura como esta para la realizaci\u00f3n de sus proyectos. Por ello, nos ponemos a su disposici\u00f3n invit\u00e1ndoles a participar con sus donaciones de muestras as\u00ed como a beneficiarse del uso futuro de las mismas.<br \/>\nEl Biobanco actualmente pertenece a la Plataforma de Biobancos de apoyo a la investigaci\u00f3n en ciencias y tecnolog\u00edas de la Acci\u00f3n Estrat\u00e9gica en Salud 2013-2016 del Instituto de Salud Carlos III (http:\/\/www.redbiobancos.es). La Plataforma contin\u00faa la experiencia previa 2010-2013, de la Red Nacional de Biobancos.<br \/>\nEl Biobanco del Hospital Universitario Ram\u00f3n y Cajal-IRYCIS est\u00e1 autorizado por la Direcci\u00f3n General de Ordenaci\u00f3n e Inspecci\u00f3n de la Consejer\u00eda de Sanidad de la Comunidad de Madrid, con el n\u00famero de registro B.0000678, desde el 11 de Abril del 2013.<br \/>\nLa ley aporta nuevas garant\u00edas para que no se trafique con las muestras. Garantiza la igualdad de oportunidades de los investigadores para acceder a las muestras y para que la investigaci\u00f3n se realice siempre con principios \u00e9ticos y de respeto a los derechos de los pacientes. Hace especial hincapi\u00e9 en la necesidad de obtenci\u00f3n del consentimiento informado del sujeto fuente.<br \/>\nEn resumen, el Biobanco se caracteriza por poner a disposici\u00f3n de la comunidad cient\u00edfica el material biol\u00f3gico necesario para la investigaci\u00f3n en unas \u00f3ptimas condiciones que aseguren la competitividad y excelencia de la investigaci\u00f3n.<br \/>\nEl Biobanco ha implantado un sistema de gesti\u00f3n de calidad seg\u00fan la Norma UNE-EN ISO 9001:2008 \u2013 Sistemas de gesti\u00f3n de la calidad.<\/p>\n<p>Equipamiento<\/p>\n<p>Enlaces a descargas<\/p>\n<p>Descargas de Biobanco<\/p>\n<p>Informaci\u00f3n<\/p>\n<p>Las im\u00e1genes y los textos han sido sacados de la Web Oficial del Biobanco del Hospital Ram\u00f3n y Cajal para fines informativos de la Web.<br \/>\nEn enlace directo a la Web del Biobanco es<\/p>\n<p>Biobanco HURyC<\/p>\n<p><!-- {\"name\":\"\",\"type\":\"layout\",\"children\":[{\"name\":\"\",\"type\":\"section\",\"props\":{\"style\":\"default\",\"width\":\"default\",\"vertical_align\":\"middle\",\"title_position\":\"top-left\",\"title_rotation\":\"left\",\"title_breakpoint\":\"xl\",\"image_position\":\"center-center\"},\"children\":[{\"name\":\"\",\"type\":\"row\",\"props\":{\"fixed_width\":\"large\",\"breakpoint\":\"m\",\"layout\":\"1-1\"},\"children\":[{\"name\":\"\",\"type\":\"column\",\"props\":{\"widths\":[\"1-1\"],\"image_position\":\"center-center\"},\"children\":[{\"name\":\"\",\"type\":\"headline\",\"props\":{\"title_element\":\"h1\",\"content\":\"Biobanco del Hospital Ram\\u00f3n y Cajal\",\"title_style\":\"h5\",\"title_decoration\":\"bullet\",\"title_color\":\"danger\"}},{\"name\":\"\",\"type\":\"text\",\"props\":{\"margin\":\"default\",\"column_breakpoint\":\"m\",\"content\":\"\n\n<p><img class=\\\"alignleft wp-image-115 size-medium\\\" src=\\\"https:\\\/\\\/cifra2-cm.com\\\/wp-content\\\/uploads\\\/2018\\\/07\\\/fachada-300x149.jpg\\\" alt=\\\"\\\" width=\\\"300\\\" height=\\\"149\\\" \\\/>El BIOBANCO del Hospital Ram\\u00f3n y Cajal es una plataforma, sin \\u00e1nimo de lucro, de apoyo t\\u00e9cnico a la investigaci\\u00f3n en el \\u00e1mbito sanitario. Est\\u00e1 integrado en el Instituto Ram\\u00f3n y Cajal de Investigaci\\u00f3n Sanitaria (IRYCIS), del Hospital Universitario Ram\\u00f3n y Cajal. El Biobanco acoge colecciones de muestras biol\\u00f3gicas con fines de investigaci\\u00f3n biom\\u00e9dica.<\\\/p>\\n\n\n<p>El almacenamiento de muestras biol\\u00f3gicas y la informaci\\u00f3n asociada para su futuro uso en investigaci\\u00f3n biom\\u00e9dica es un instrumento b\\u00e1sico de alto valor estrat\\u00e9gico para las instituciones sanitarias asistenciales del Sistema Nacional de Salud.<\\\/p>\\n\n\n<p>La investigaci\\u00f3n en biobancos mejora el conocimiento, la prevenci\\u00f3n y la atenci\\u00f3n de las enfermedades; en tal sentido, es beneficiosa no solo para investigadores y sujetos fuente sino para el conjunto de la sociedad. Los biobancos son una de las herramientas \\\"m\\u00e1s importantes\\\" tanto para la investigaci\\u00f3n b\\u00e1sica como para la investigaci\\u00f3n cl\\u00ednica. La existencia de biobancos favorece el intercambio de materiales biol\\u00f3gicos.<\\\/p>\\n\n\n<p>El Biobanco nace con una voluntad de servicio y cooperaci\\u00f3n con los investigadores que necesiten una infraestructura como esta para la realizaci\\u00f3n de sus proyectos. Por ello, nos ponemos a su disposici\\u00f3n invit\\u00e1ndoles a participar con sus donaciones de muestras as\\u00ed como a beneficiarse del uso futuro de las mismas.<\\\/p>\\n\n\n<p>El Biobanco actualmente pertenece a la Plataforma de Biobancos de apoyo a la investigaci\\u00f3n en ciencias y tecnolog\\u00edas de la Acci\\u00f3n Estrat\\u00e9gica en Salud 2013-2016 del Instituto de Salud Carlos III (http:\\\/\\\/www.redbiobancos.es). La Plataforma contin\\u00faa la experiencia previa 2010-2013, de la Red Nacional de Biobancos.<\\\/p>\\n\n\n<p>El Biobanco del Hospital Universitario Ram\\u00f3n y Cajal-IRYCIS est\\u00e1 autorizado por la Direcci\\u00f3n General de Ordenaci\\u00f3n e Inspecci\\u00f3n de la Consejer\\u00eda de Sanidad de la Comunidad de Madrid, con el n\\u00famero de registro B.0000678, desde el 11 de Abril del 2013.<\\\/p>\\n\n\n<p>La ley aporta nuevas garant\\u00edas para que no se trafique con las muestras. Garantiza la igualdad de oportunidades de los investigadores para acceder a las muestras y para que la investigaci\\u00f3n se realice siempre con principios \\u00e9ticos y de respeto a los derechos de los pacientes. Hace especial hincapi\\u00e9 en la necesidad de obtenci\\u00f3n del consentimiento informado del sujeto fuente.<\\\/p>\\n\n\n<p>En resumen, el Biobanco se caracteriza por poner a disposici\\u00f3n de la comunidad cient\\u00edfica el material biol\\u00f3gico necesario para la investigaci\\u00f3n en unas \\u00f3ptimas condiciones que aseguren la competitividad y excelencia de la investigaci\\u00f3n.<\\\/p>\\n\n\n<p><img class=\\\"size-full wp-image-76 alignleft\\\" src=\\\"https:\\\/\\\/cifra2-cm.com\\\/wp-content\\\/uploads\\\/2018\\\/07\\\/LogoBiobanco.jpg\\\" alt=\\\"\\\" width=\\\"86\\\" height=\\\"90\\\" \\\/>El Biobanco ha implantado un sistema de gesti\\u00f3n de calidad seg\\u00fan la Norma UNE-EN ISO 9001:2008 \\u2013 Sistemas de gesti\\u00f3n de la calidad.<\\\/p>\"}}]}]},{\"name\":\"\",\"type\":\"row\",\"props\":{\"fixed_width\":\"large\",\"breakpoint\":\"m\",\"layout\":\"1-1\"},\"children\":[{\"name\":\"\",\"type\":\"column\",\"props\":{\"widths\":[\"1-1\"],\"image_position\":\"center-center\"},\"children\":[{\"name\":\"\",\"type\":\"headline\",\"props\":{\"title_element\":\"h1\",\"content\":\"Equipamiento\",\"title_style\":\"h5\",\"title_decoration\":\"bullet\",\"title_color\":\"danger\"}},{\"name\":\"\",\"type\":\"slider\",\"props\":{\"show_title\":true,\"show_meta\":true,\"show_content\":true,\"show_link\":true,\"slider_width\":\"fixed\",\"slider_width_default\":\"1-1\",\"slider_width_medium\":\"1-3\",\"slider_min_height\":300,\"slider_gutter\":\"default\",\"slider_autoplay_pause\":true,\"nav\":\"dotnav\",\"nav_align\":\"center\",\"nav_breakpoint\":\"s\",\"slidenav\":\"default\",\"slidenav_margin\":\"medium\",\"slidenav_breakpoint\":\"s\",\"slidenav_outside_breakpoint\":\"xl\",\"overlay_mode\":\"caption\",\"overlay_position\":\"center\",\"overlay_transition\":\"fade\",\"title_element\":\"h3\",\"meta_style\":\"meta\",\"meta_align\":\"bottom\",\"text_align\":\"center\",\"margin\":\"default\",\"slider_center\":false,\"slider_sets\":true,\"overlay_hover\":true,\"overlay_style\":\"tile-default\"},\"children\":[{\"name\":\"\",\"type\":\"slider_item\",\"props\":{\"image\":\"wp-content\\\/uploads\\\/2018\\\/07\\\/1_Tanques-de-nitr_geno-l_quido_G.jpg\",\"title\":\"Tanques de nitr\\u00f3geno l\\u00edquido\",\"image_alt\":\"Tanques de nitr\\u00f3geno l\\u00edquido\",\"meta\":\"\"}},{\"name\":\"\",\"type\":\"slider_item\",\"props\":{\"image\":\"wp-content\\\/uploads\\\/2018\\\/07\\\/2_Congeladores-de-80_C_G.jpg\",\"image_alt\":\"Congeladores de -80\\u00baC\",\"title\":\"Congeladores de -80\\u00baC\",\"meta\":\"Congeladores de -80\\u00baC\",\"content\":\"\"}},{\"name\":\"\",\"type\":\"slider_item\",\"props\":{\"image\":\"wp-content\\\/uploads\\\/2018\\\/07\\\/3_Laboratorio-de-procesamiento_G.jpg\",\"title\":\"Laboratorio de procesamiento\",\"image_alt\":\"Laboratorio de procesamiento\",\"meta\":\"Laboratorio de procesamiento\"}},{\"name\":\"\",\"type\":\"slider_item\",\"props\":{\"image\":\"wp-content\\\/uploads\\\/2018\\\/07\\\/4_Laboratorio-de-cultivos_G.jpg\",\"image_alt\":\"Laboratorio de cultivos\",\"title\":\"Laboratorio de cultivos\"}},{\"name\":\"\",\"type\":\"slider_item\",\"props\":{\"image\":\"wp-content\\\/uploads\\\/2018\\\/07\\\/5__reas-auxiliares_G.jpg\",\"image_alt\":\"\\u00c1reas auxiliares\",\"title\":\"\\u00c1reas auxiliares\"}}]}]}]},{\"name\":\"\",\"type\":\"row\",\"props\":{\"fixed_width\":\"large\",\"breakpoint\":\"m\",\"layout\":\"1-1\"},\"children\":[{\"name\":\"\",\"type\":\"column\",\"props\":{\"widths\":[\"1-1\"],\"image_position\":\"center-center\"},\"children\":[{\"name\":\"\",\"type\":\"headline\",\"props\":{\"title_element\":\"h1\",\"content\":\"Enlaces a descargas\",\"title_style\":\"h5\",\"title_decoration\":\"bullet\",\"title_color\":\"danger\"}},{\"name\":\"\",\"type\":\"button\",\"props\":{\"gutter\":\"large\",\"margin\":\"default\",\"button_size\":\"large\",\"text_align\":\"center\"},\"children\":[{\"name\":\"\",\"type\":\"button_item\",\"props\":{\"button_style\":\"default\",\"icon_align\":\"left\",\"content\":\"Descargas de Biobanco\",\"link_title\":\"Acceso a www.madrid.org\",\"link_target\":\"blank\",\"link\":\"http:\\\/\\\/www.madrid.org\\\/cs\\\/Satellite?cid=1142696849848&language=es&pagename=HospitalRamonCajal%2FPage%2FHRYC_listado\",\"icon\":\"cloud-download\"}}]}]}]}]},{\"name\":\"\",\"type\":\"section\",\"props\":{\"style\":\"default\",\"width\":\"default\",\"vertical_align\":\"middle\",\"title_position\":\"top-left\",\"title_rotation\":\"left\",\"title_breakpoint\":\"xl\",\"image_position\":\"center-center\"},\"children\":[{\"name\":\"\",\"type\":\"row\",\"props\":{\"fixed_width\":\"large\",\"breakpoint\":\"m\",\"layout\":\"1-1\"},\"children\":[{\"name\":\"\",\"type\":\"column\",\"props\":{\"widths\":[\"1-1\"],\"image_position\":\"center-center\"},\"children\":[{\"name\":\"\",\"type\":\"headline\",\"props\":{\"title_element\":\"h1\",\"content\":\"Informaci\\u00f3n\",\"title_style\":\"h5\",\"title_decoration\":\"bullet\",\"title_color\":\"danger\"}},{\"name\":\"\",\"type\":\"text\",\"props\":{\"margin\":\"default\",\"column_breakpoint\":\"m\",\"content\":\"\n\n<p><em><strong>Las im\\u00e1genes y los textos han sido sacados de la Web Oficial del Biobanco del Hospital Ram\\u00f3n y Cajal para fines informativos de la Web.<\\\/strong><\\\/em><\\\/p>\\n\n\n<p><em><strong>En enlace directo a la Web del Biobanco es<\\\/strong><\\\/em><\\\/p>\"}},{\"name\":\"\",\"type\":\"button\",\"props\":{\"gutter\":\"large\",\"margin\":\"default\",\"button_size\":\"large\",\"text_align\":\"center\"},\"children\":[{\"name\":\"\",\"type\":\"button_item\",\"props\":{\"button_style\":\"primary\",\"icon_align\":\"left\",\"content\":\"Biobanco HURyC\",\"link\":\"http:\\\/\\\/www.madrid.org\\\/cs\\\/Satellite?cid=1142599543579&language=es&pagename=HospitalRamonCajal%2FPage%2FHRYC_contenidoFinal\",\"link_title\":\"MADRID.ORG\",\"link_target\":\"blank\",\"icon\":\"home\"}}]}]}]}]}]} --><\/p>\n","protected":false},"excerpt":{"rendered":"<p>Biobanco del Hospital Ram\u00f3n y Cajal El BIOBANCO del Hospital Ram\u00f3n y Cajal es una plataforma, sin \u00e1nimo de lucro, de apoyo t\u00e9cnico a la investigaci\u00f3n en el \u00e1mbito sanitario. Est\u00e1 integrado en el Instituto Ram\u00f3n y Cajal de Investigaci\u00f3n Sanitaria (IRYCIS), del Hospital Universitario Ram\u00f3n y Cajal. El Biobanco acoge colecciones de muestras biol\u00f3gicas [&hellip;]<\/p>\n","protected":false},"author":1,"featured_media":0,"parent":0,"menu_order":0,"comment_status":"closed","ping_status":"closed","template":"","meta":{"footnotes":""},"class_list":["post-9","page","type-page","status-publish","hentry"],"_links":{"self":[{"href":"https:\/\/cifra2-cm.com\/index.php\/wp-json\/wp\/v2\/pages\/9","targetHints":{"allow":["GET"]}}],"collection":[{"href":"https:\/\/cifra2-cm.com\/index.php\/wp-json\/wp\/v2\/pages"}],"about":[{"href":"https:\/\/cifra2-cm.com\/index.php\/wp-json\/wp\/v2\/types\/page"}],"author":[{"embeddable":true,"href":"https:\/\/cifra2-cm.com\/index.php\/wp-json\/wp\/v2\/users\/1"}],"replies":[{"embeddable":true,"href":"https:\/\/cifra2-cm.com\/index.php\/wp-json\/wp\/v2\/comments?post=9"}],"version-history":[{"count":14,"href":"https:\/\/cifra2-cm.com\/index.php\/wp-json\/wp\/v2\/pages\/9\/revisions"}],"predecessor-version":[{"id":118,"href":"https:\/\/cifra2-cm.com\/index.php\/wp-json\/wp\/v2\/pages\/9\/revisions\/118"}],"wp:attachment":[{"href":"https:\/\/cifra2-cm.com\/index.php\/wp-json\/wp\/v2\/media?parent=9"}],"curies":[{"name":"wp","href":"https:\/\/api.w.org\/{rel}","templated":true}]}}